{"id":1300,"date":"2023-01-16T17:23:03","date_gmt":"2023-01-16T17:23:03","guid":{"rendered":"https:\/\/hcw.org.pl\/?page_id=1300"},"modified":"2026-03-03T09:41:37","modified_gmt":"2026-03-03T09:41:37","slug":"prezes","status":"publish","type":"page","link":"https:\/\/hcw.org.pl\/index.php\/prezes\/","title":{"rendered":"PREZES FUNDACJI"},"content":{"rendered":"\t\t<div data-elementor-type=\"wp-page\" data-elementor-id=\"1300\" class=\"elementor elementor-1300\">\n\t\t\t\t\t\t\t\t\t<section class=\"elementor-section elementor-top-section elementor-element elementor-element-3157f26 elementor-section-full_width elementor-section-stretched elementor-section-height-default elementor-section-height-default\" data-id=\"3157f26\" data-element_type=\"section\" data-settings=\"{&quot;stretch_section&quot;:&quot;section-stretched&quot;}\">\n\t\t\t\t\t\t<div class=\"elementor-container elementor-column-gap-default\">\n\t\t\t\t\t<div class=\"elementor-column elementor-col-100 elementor-top-column elementor-element elementor-element-d6f37cf\" data-id=\"d6f37cf\" data-element_type=\"column\">\n\t\t\t<div class=\"elementor-widget-wrap\">\n\t\t\t\t\t\t\t\t\t<\/div>\n\t\t<\/div>\n\t\t\t\t\t\t\t<\/div>\n\t\t<\/section>\n\t\t\t\t<section class=\"elementor-section elementor-top-section elementor-element elementor-element-74f30d0 elementor-section-full_width elementor-section-height-default elementor-section-height-default\" data-id=\"74f30d0\" data-element_type=\"section\">\n\t\t\t\t\t\t<div class=\"elementor-container elementor-column-gap-default\">\n\t\t\t\t\t<div class=\"elementor-column elementor-col-100 elementor-top-column elementor-element elementor-element-09b8e74\" data-id=\"09b8e74\" data-element_type=\"column\">\n\t\t\t<div class=\"elementor-widget-wrap elementor-element-populated\">\n\t\t\t\t\t\t\t\t<div class=\"elementor-element elementor-element-3501288 elementor-widget elementor-widget-spacer\" data-id=\"3501288\" data-element_type=\"widget\" data-widget_type=\"spacer.default\">\n\t\t\t\t<div class=\"elementor-widget-container\">\n\t\t\t<style>\/*! elementor - v3.14.0 - 26-06-2023 *\/\n.elementor-column .elementor-spacer-inner{height:var(--spacer-size)}.e-con{--container-widget-width:100%}.e-con-inner>.elementor-widget-spacer,.e-con>.elementor-widget-spacer{width:var(--container-widget-width,var(--spacer-size));--align-self:var(--container-widget-align-self,initial);--flex-shrink:0}.e-con-inner>.elementor-widget-spacer>.elementor-widget-container,.e-con-inner>.elementor-widget-spacer>.elementor-widget-container>.elementor-spacer,.e-con>.elementor-widget-spacer>.elementor-widget-container,.e-con>.elementor-widget-spacer>.elementor-widget-container>.elementor-spacer{height:100%}.e-con-inner>.elementor-widget-spacer>.elementor-widget-container>.elementor-spacer>.elementor-spacer-inner,.e-con>.elementor-widget-spacer>.elementor-widget-container>.elementor-spacer>.elementor-spacer-inner{height:var(--container-widget-height,var(--spacer-size))}<\/style>\t\t<div class=\"elementor-spacer\">\n\t\t\t<div class=\"elementor-spacer-inner\"><\/div>\n\t\t<\/div>\n\t\t\t\t<\/div>\n\t\t\t\t<\/div>\n\t\t\t\t<div class=\"elementor-element elementor-element-b49a070 elementor-widget elementor-widget-image\" data-id=\"b49a070\" data-element_type=\"widget\" data-widget_type=\"image.default\">\n\t\t\t\t<div class=\"elementor-widget-container\">\n\t\t\t<style>\/*! elementor - v3.14.0 - 26-06-2023 *\/\n.elementor-widget-image{text-align:center}.elementor-widget-image a{display:inline-block}.elementor-widget-image a img[src$=\".svg\"]{width:48px}.elementor-widget-image img{vertical-align:middle;display:inline-block}<\/style>\t\t\t\t\t\t\t\t\t\t\t\t<img loading=\"lazy\" decoding=\"async\" width=\"525\" height=\"350\" src=\"https:\/\/hcw.org.pl\/wp-content\/uploads\/2026\/03\/IMG-20260303-WA0002-1024x683.jpg\" class=\"attachment-large size-large wp-image-2696\" alt=\"\" srcset=\"https:\/\/hcw.org.pl\/wp-content\/uploads\/2026\/03\/IMG-20260303-WA0002-1024x683.jpg 1024w, https:\/\/hcw.org.pl\/wp-content\/uploads\/2026\/03\/IMG-20260303-WA0002-300x200.jpg 300w, https:\/\/hcw.org.pl\/wp-content\/uploads\/2026\/03\/IMG-20260303-WA0002-768x512.jpg 768w, https:\/\/hcw.org.pl\/wp-content\/uploads\/2026\/03\/IMG-20260303-WA0002-1536x1024.jpg 1536w, https:\/\/hcw.org.pl\/wp-content\/uploads\/2026\/03\/IMG-20260303-WA0002.jpg 2048w\" sizes=\"auto, (max-width: 525px) 100vw, 525px\" \/>\t\t\t\t\t\t\t\t\t\t\t\t\t\t\t<\/div>\n\t\t\t\t<\/div>\n\t\t\t\t<div class=\"elementor-element elementor-element-19198e7 elementor-widget elementor-widget-heading\" data-id=\"19198e7\" data-element_type=\"widget\" data-widget_type=\"heading.default\">\n\t\t\t\t<div class=\"elementor-widget-container\">\n\t\t\t<style>\/*! elementor - v3.14.0 - 26-06-2023 *\/\n.elementor-heading-title{padding:0;margin:0;line-height:1}.elementor-widget-heading .elementor-heading-title[class*=elementor-size-]>a{color:inherit;font-size:inherit;line-height:inherit}.elementor-widget-heading .elementor-heading-title.elementor-size-small{font-size:15px}.elementor-widget-heading .elementor-heading-title.elementor-size-medium{font-size:19px}.elementor-widget-heading .elementor-heading-title.elementor-size-large{font-size:29px}.elementor-widget-heading .elementor-heading-title.elementor-size-xl{font-size:39px}.elementor-widget-heading .elementor-heading-title.elementor-size-xxl{font-size:59px}<\/style><h2 class=\"elementor-heading-title elementor-size-default\">Monika Krupa<\/h2>\t\t<\/div>\n\t\t\t\t<\/div>\n\t\t\t\t<div class=\"elementor-element elementor-element-c720008 elementor-widget elementor-widget-text-editor\" data-id=\"c720008\" data-element_type=\"widget\" data-widget_type=\"text-editor.default\">\n\t\t\t\t<div class=\"elementor-widget-container\">\n\t\t\t<style>\/*! elementor - v3.14.0 - 26-06-2023 *\/\n.elementor-widget-text-editor.elementor-drop-cap-view-stacked .elementor-drop-cap{background-color:#69727d;color:#fff}.elementor-widget-text-editor.elementor-drop-cap-view-framed .elementor-drop-cap{color:#69727d;border:3px solid;background-color:transparent}.elementor-widget-text-editor:not(.elementor-drop-cap-view-default) .elementor-drop-cap{margin-top:8px}.elementor-widget-text-editor:not(.elementor-drop-cap-view-default) .elementor-drop-cap-letter{width:1em;height:1em}.elementor-widget-text-editor .elementor-drop-cap{float:left;text-align:center;line-height:1;font-size:50px}.elementor-widget-text-editor .elementor-drop-cap-letter{display:inline-block}<\/style>\t\t\t\t<p>PREZES FUNDACJI HOLISTYCZNE CENTRUM WSPARCIA<\/p>\t\t\t\t\t\t<\/div>\n\t\t\t\t<\/div>\n\t\t\t\t<div class=\"elementor-element elementor-element-8da8904 elementor-widget elementor-widget-text-editor\" data-id=\"8da8904\" data-element_type=\"widget\" data-widget_type=\"text-editor.default\">\n\t\t\t\t<div class=\"elementor-widget-container\">\n\t\t\t\t\t\t\t<p><strong>Psycholo\u017cka, trenerka mentalna, doradczyni zawodowa, od lat trenerka kompetencji mi\u0119kkich. Nade wszystkim jednak jest spo\u0142eczniczk\u0105, kt\u00f3ra g\u0142\u0119boko wierzy w cz\u0142owieka i jego potencja\u0142 do wzrastania, nawet w najbardziej wymagaj\u0105cych momentach \u017cycia.<\/strong><\/p><p>Od wielu lat z uwa\u017cno\u015bci\u0105 i szacunkiem towarzyszy dzieciom, m\u0142odzie\u017cy i doros\u0142ym w procesie odnajdywania si\u0142y, poczucia w\u0142asnej warto\u015bci i wewn\u0119trznej r\u00f3wnowagi. Szczeg\u00f3lnie bliska jest jej praca z osobami zagro\u017conymi wykluczeniem spo\u0142ecznym, m\u0142odzie\u017c\u0105 z grupy NEET, osobami z niepe\u0142nosprawno\u015bciami oraz rodzinami do\u015bwiadczaj\u0105cymi kryzys\u00f3w. Jej do\u015bwiadczenie obejmuje zar\u00f3wno indywidualne wsparcie, jak i tworzenie oraz realizacj\u0119 projekt\u00f3w spo\u0142ecznych, kt\u00f3rych celem jest wzmacnianie ludzi i przywracanie im poczucia sprawczo\u015bci.<\/p><p><strong>W centrum jej pracy zawsze znajduje si\u0119 relacja \u2014 oparta na autentyczno\u015bci, akceptacji i obecno\u015bci.<\/strong> <strong>Wierzy, \u017ce cz\u0142owiek najpe\u0142niej rozwija si\u0119 wtedy, gdy czuje si\u0119 wys\u0142uchany, zrozumiany i przyj\u0119ty takim, jakim jest.<\/strong> Tworzy przestrze\u0144, w kt\u00f3rej mo\u017cna zatrzyma\u0107 si\u0119, odzyska\u0107 nadziej\u0119 i na nowo spotka\u0107 si\u0119 ze sob\u0105.<\/p><div dir=\"auto\">Jej si\u0142\u0105 jest spok\u00f3j, uwa\u017cno\u015b\u0107 i entuzjazm, kt\u00f3re pozwalaj\u0105 nie tylko wspiera\u0107, ale r\u00f3wnie\u017c inspirowa\u0107 innych do zmiany i budowania \u017cycia w zgodzie ze sob\u0105. <strong>Jako liderka Fundacji z wra\u017cliwo\u015bci\u0105 i zaanga\u017cowaniem inicjuje dzia\u0142ania spo\u0142eczne, wierz\u0105c, \u017ce nawet jedno spotkanie, jedna rozmowa i jedna osoba mog\u0105 sta\u0107 si\u0119 pocz\u0105tkiem wa\u017cnej zmiany.<\/strong><\/div><div dir=\"auto\">\u00a0<\/div><div dir=\"auto\"><strong>Jej misj\u0105 jest wzmacnianie ludzi, budowanie relacji oraz wsp\u00f3\u0142tworzenie \u015bwiata, w kt\u00f3rym ka\u017cdy cz\u0142owiek mo\u017ce poczu\u0107 swoj\u0105 warto\u015b\u0107, godno\u015b\u0107 i miejsce.<\/strong><\/div><div dir=\"auto\">\u00a0<\/div>\t\t\t\t\t\t<\/div>\n\t\t\t\t<\/div>\n\t\t\t\t<div class=\"elementor-element elementor-element-d73ee6b elementor-position-left elementor-vertical-align-middle elementor-view-default elementor-mobile-position-top elementor-widget elementor-widget-icon-box\" data-id=\"d73ee6b\" data-element_type=\"widget\" data-widget_type=\"icon-box.default\">\n\t\t\t\t<div class=\"elementor-widget-container\">\n\t\t\t<link rel=\"stylesheet\" href=\"https:\/\/hcw.org.pl\/wp-content\/plugins\/elementor\/assets\/css\/widget-icon-box.min.css\">\t\t<div class=\"elementor-icon-box-wrapper\">\n\t\t\t\t\t\t<div class=\"elementor-icon-box-icon\">\n\t\t\t\t<a class=\"elementor-icon elementor-animation-\" href=\"https:\/\/hcw.org.pl\/index.php\/zarzad\/\">\n\t\t\t\t<i aria-hidden=\"true\" class=\"fas fa-angle-double-left\"><\/i>\t\t\t\t<\/a>\n\t\t\t<\/div>\n\t\t\t\t\t\t<div class=\"elementor-icon-box-content\">\n\t\t\t\t<h6 class=\"elementor-icon-box-title\">\n\t\t\t\t\t<a href=\"https:\/\/hcw.org.pl\/index.php\/zarzad\/\" >\n\t\t\t\t\t\tPowr\u00f3t\t\t\t\t\t<\/a>\n\t\t\t\t<\/h6>\n\t\t\t\t\t\t\t<\/div>\n\t\t<\/div>\n\t\t\t\t<\/div>\n\t\t\t\t<\/div>\n\t\t\t\t\t<\/div>\n\t\t<\/div>\n\t\t\t\t\t\t\t<\/div>\n\t\t<\/section>\n\t\t\t\t<section class=\"elementor-section elementor-top-section elementor-element elementor-element-8d39abf elementor-section-full_width elementor-section-stretched elementor-section-height-default elementor-section-height-default\" data-id=\"8d39abf\" data-element_type=\"section\" data-settings=\"{&quot;stretch_section&quot;:&quot;section-stretched&quot;}\">\n\t\t\t\t\t\t<div class=\"elementor-container elementor-column-gap-default\">\n\t\t\t\t\t<div class=\"elementor-column elementor-col-100 elementor-top-column elementor-element elementor-element-92e7bb0\" data-id=\"92e7bb0\" data-element_type=\"column\">\n\t\t\t<div class=\"elementor-widget-wrap elementor-element-populated\">\n\t\t\t\t\t\t\t\t<div class=\"elementor-element elementor-element-4cce76a elementor-widget elementor-widget-spacer\" data-id=\"4cce76a\" data-element_type=\"widget\" data-widget_type=\"spacer.default\">\n\t\t\t\t<div class=\"elementor-widget-container\">\n\t\t\t\t\t<div class=\"elementor-spacer\">\n\t\t\t<div class=\"elementor-spacer-inner\"><\/div>\n\t\t<\/div>\n\t\t\t\t<\/div>\n\t\t\t\t<\/div>\n\t\t\t\t\t<\/div>\n\t\t<\/div>\n\t\t\t\t\t\t\t<\/div>\n\t\t<\/section>\n\t\t\t\t\t\t\t<\/div>\n\t\t","protected":false},"excerpt":{"rendered":"<p>Monika Krupa PREZES FUNDACJI HOLISTYCZNE CENTRUM WSPARCIA Psycholo\u017cka, trenerka mentalna, doradczyni zawodowa, od lat trenerka kompetencji mi\u0119kkich. Nade wszystkim jednak jest spo\u0142eczniczk\u0105, kt\u00f3ra g\u0142\u0119boko wierzy w cz\u0142owieka i jego potencja\u0142 do wzrastania, nawet w najbardziej wymagaj\u0105cych momentach \u017cycia. Od wielu lat z uwa\u017cno\u015bci\u0105 i szacunkiem towarzyszy dzieciom, m\u0142odzie\u017cy i doros\u0142ym w procesie odnajdywania si\u0142y, poczucia [&hellip;]<\/p>\n","protected":false},"author":1,"featured_media":0,"parent":0,"menu_order":0,"comment_status":"closed","ping_status":"closed","template":"elementor_theme","meta":{"footnotes":""},"class_list":["post-1300","page","type-page","status-publish","hentry"],"_links":{"self":[{"href":"https:\/\/hcw.org.pl\/index.php\/wp-json\/wp\/v2\/pages\/1300","targetHints":{"allow":["GET"]}}],"collection":[{"href":"https:\/\/hcw.org.pl\/index.php\/wp-json\/wp\/v2\/pages"}],"about":[{"href":"https:\/\/hcw.org.pl\/index.php\/wp-json\/wp\/v2\/types\/page"}],"author":[{"embeddable":true,"href":"https:\/\/hcw.org.pl\/index.php\/wp-json\/wp\/v2\/users\/1"}],"replies":[{"embeddable":true,"href":"https:\/\/hcw.org.pl\/index.php\/wp-json\/wp\/v2\/comments?post=1300"}],"version-history":[{"count":27,"href":"https:\/\/hcw.org.pl\/index.php\/wp-json\/wp\/v2\/pages\/1300\/revisions"}],"predecessor-version":[{"id":2718,"href":"https:\/\/hcw.org.pl\/index.php\/wp-json\/wp\/v2\/pages\/1300\/revisions\/2718"}],"wp:attachment":[{"href":"https:\/\/hcw.org.pl\/index.php\/wp-json\/wp\/v2\/media?parent=1300"}],"curies":[{"name":"wp","href":"https:\/\/api.w.org\/{rel}","templated":true}]}}