{"id":1302,"date":"2023-01-16T17:23:30","date_gmt":"2023-01-16T17:23:30","guid":{"rendered":"https:\/\/hcw.org.pl\/?page_id=1302"},"modified":"2026-03-24T05:44:07","modified_gmt":"2026-03-24T05:44:07","slug":"wiceprezes","status":"publish","type":"page","link":"https:\/\/hcw.org.pl\/index.php\/wiceprezes\/","title":{"rendered":"WICEPREZES FUNDACJI"},"content":{"rendered":"\t\t<div data-elementor-type=\"wp-page\" data-elementor-id=\"1302\" class=\"elementor elementor-1302\">\n\t\t\t\t\t\t\t\t\t<section class=\"elementor-section elementor-top-section elementor-element elementor-element-3157f26 elementor-section-full_width elementor-section-stretched elementor-section-height-default elementor-section-height-default\" data-id=\"3157f26\" data-element_type=\"section\" data-settings=\"{&quot;stretch_section&quot;:&quot;section-stretched&quot;}\">\n\t\t\t\t\t\t<div class=\"elementor-container elementor-column-gap-default\">\n\t\t\t\t\t<div class=\"elementor-column elementor-col-100 elementor-top-column elementor-element elementor-element-d6f37cf\" data-id=\"d6f37cf\" data-element_type=\"column\">\n\t\t\t<div class=\"elementor-widget-wrap\">\n\t\t\t\t\t\t\t\t\t<\/div>\n\t\t<\/div>\n\t\t\t\t\t\t\t<\/div>\n\t\t<\/section>\n\t\t\t\t<section class=\"elementor-section elementor-top-section elementor-element elementor-element-74f30d0 elementor-section-full_width elementor-section-height-default elementor-section-height-default\" data-id=\"74f30d0\" data-element_type=\"section\">\n\t\t\t\t\t\t<div class=\"elementor-container elementor-column-gap-default\">\n\t\t\t\t\t<div class=\"elementor-column elementor-col-100 elementor-top-column elementor-element elementor-element-77dc9b5\" data-id=\"77dc9b5\" data-element_type=\"column\">\n\t\t\t<div class=\"elementor-widget-wrap elementor-element-populated\">\n\t\t\t\t\t\t\t\t<div class=\"elementor-element elementor-element-676d6d9 elementor-widget elementor-widget-spacer\" data-id=\"676d6d9\" data-element_type=\"widget\" data-widget_type=\"spacer.default\">\n\t\t\t\t<div class=\"elementor-widget-container\">\n\t\t\t<style>\/*! elementor - v3.14.0 - 26-06-2023 *\/\n.elementor-column .elementor-spacer-inner{height:var(--spacer-size)}.e-con{--container-widget-width:100%}.e-con-inner>.elementor-widget-spacer,.e-con>.elementor-widget-spacer{width:var(--container-widget-width,var(--spacer-size));--align-self:var(--container-widget-align-self,initial);--flex-shrink:0}.e-con-inner>.elementor-widget-spacer>.elementor-widget-container,.e-con-inner>.elementor-widget-spacer>.elementor-widget-container>.elementor-spacer,.e-con>.elementor-widget-spacer>.elementor-widget-container,.e-con>.elementor-widget-spacer>.elementor-widget-container>.elementor-spacer{height:100%}.e-con-inner>.elementor-widget-spacer>.elementor-widget-container>.elementor-spacer>.elementor-spacer-inner,.e-con>.elementor-widget-spacer>.elementor-widget-container>.elementor-spacer>.elementor-spacer-inner{height:var(--container-widget-height,var(--spacer-size))}<\/style>\t\t<div class=\"elementor-spacer\">\n\t\t\t<div class=\"elementor-spacer-inner\"><\/div>\n\t\t<\/div>\n\t\t\t\t<\/div>\n\t\t\t\t<\/div>\n\t\t\t\t<div class=\"elementor-element elementor-element-d9c5cc6 elementor-widget elementor-widget-image\" data-id=\"d9c5cc6\" data-element_type=\"widget\" data-widget_type=\"image.default\">\n\t\t\t\t<div class=\"elementor-widget-container\">\n\t\t\t<style>\/*! elementor - v3.14.0 - 26-06-2023 *\/\n.elementor-widget-image{text-align:center}.elementor-widget-image a{display:inline-block}.elementor-widget-image a img[src$=\".svg\"]{width:48px}.elementor-widget-image img{vertical-align:middle;display:inline-block}<\/style>\t\t\t\t\t\t\t\t\t\t\t\t<img loading=\"lazy\" decoding=\"async\" width=\"525\" height=\"656\" src=\"https:\/\/hcw.org.pl\/wp-content\/uploads\/2026\/03\/IMG-20260214-WA0000-819x1024.jpg\" class=\"attachment-large size-large wp-image-2689\" alt=\"\" srcset=\"https:\/\/hcw.org.pl\/wp-content\/uploads\/2026\/03\/IMG-20260214-WA0000-819x1024.jpg 819w, https:\/\/hcw.org.pl\/wp-content\/uploads\/2026\/03\/IMG-20260214-WA0000-240x300.jpg 240w, https:\/\/hcw.org.pl\/wp-content\/uploads\/2026\/03\/IMG-20260214-WA0000-768x960.jpg 768w, https:\/\/hcw.org.pl\/wp-content\/uploads\/2026\/03\/IMG-20260214-WA0000.jpg 1080w\" sizes=\"auto, (max-width: 525px) 100vw, 525px\" \/>\t\t\t\t\t\t\t\t\t\t\t\t\t\t\t<\/div>\n\t\t\t\t<\/div>\n\t\t\t\t<div class=\"elementor-element elementor-element-f120bd6 elementor-widget elementor-widget-heading\" data-id=\"f120bd6\" data-element_type=\"widget\" data-widget_type=\"heading.default\">\n\t\t\t\t<div class=\"elementor-widget-container\">\n\t\t\t<style>\/*! elementor - v3.14.0 - 26-06-2023 *\/\n.elementor-heading-title{padding:0;margin:0;line-height:1}.elementor-widget-heading .elementor-heading-title[class*=elementor-size-]>a{color:inherit;font-size:inherit;line-height:inherit}.elementor-widget-heading .elementor-heading-title.elementor-size-small{font-size:15px}.elementor-widget-heading .elementor-heading-title.elementor-size-medium{font-size:19px}.elementor-widget-heading .elementor-heading-title.elementor-size-large{font-size:29px}.elementor-widget-heading .elementor-heading-title.elementor-size-xl{font-size:39px}.elementor-widget-heading .elementor-heading-title.elementor-size-xxl{font-size:59px}<\/style><h2 class=\"elementor-heading-title elementor-size-default\">Agnieszka Sadowska<\/h2>\t\t<\/div>\n\t\t\t\t<\/div>\n\t\t\t\t<div class=\"elementor-element elementor-element-d21cb4a elementor-widget elementor-widget-text-editor\" data-id=\"d21cb4a\" data-element_type=\"widget\" data-widget_type=\"text-editor.default\">\n\t\t\t\t<div class=\"elementor-widget-container\">\n\t\t\t<style>\/*! elementor - v3.14.0 - 26-06-2023 *\/\n.elementor-widget-text-editor.elementor-drop-cap-view-stacked .elementor-drop-cap{background-color:#69727d;color:#fff}.elementor-widget-text-editor.elementor-drop-cap-view-framed .elementor-drop-cap{color:#69727d;border:3px solid;background-color:transparent}.elementor-widget-text-editor:not(.elementor-drop-cap-view-default) .elementor-drop-cap{margin-top:8px}.elementor-widget-text-editor:not(.elementor-drop-cap-view-default) .elementor-drop-cap-letter{width:1em;height:1em}.elementor-widget-text-editor .elementor-drop-cap{float:left;text-align:center;line-height:1;font-size:50px}.elementor-widget-text-editor .elementor-drop-cap-letter{display:inline-block}<\/style>\t\t\t\t<p>WICEPREZES FUNDACJI HOLISTYCZNE CENTRUM WSPARCIA<\/p>\t\t\t\t\t\t<\/div>\n\t\t\t\t<\/div>\n\t\t\t\t<div class=\"elementor-element elementor-element-0cbebf3 elementor-widget elementor-widget-text-editor\" data-id=\"0cbebf3\" data-element_type=\"widget\" data-widget_type=\"text-editor.default\">\n\t\t\t\t<div class=\"elementor-widget-container\">\n\t\t\t\t\t\t\t<p><strong>Wieloletnia edukatorka, pedagog i mentorka rozwoju kobiet, od siedemnastu lat pracuj\u0105ca z dzie\u0107mi i rodzinami. \u0141\u0105cz\u0119 praktyk\u0119 zawodow\u0105 z osobistym, szesnastoletnim do\u015bwiadczeniem macierzy\u0144stwa dziecka z niepe\u0142nosprawno\u015bci\u0105, co pozwala mi wspiera\u0107 rodziny zar\u00f3wno z perspektywy specjalisty, jak i<\/strong> <strong>mamy.<\/strong><\/p><div dir=\"auto\">Do\u015bwiadczenie zdobywa\u0142am w plac\u00f3wkach o\u015bwiatowych w najwi\u0119kszych miastach Polski. Od siedmiu lat jestem zwi\u0105zana z jedn\u0105 z lubelskich szk\u00f3\u0142 podstawowych. Jako absolwentka zarz\u0105dzania zasobami ludzkimi \u0142\u0105cz\u0119 wiedz\u0119 o rozwoju cz\u0142owieka z kompetencjami przyw\u00f3dczymi i budowaniem zaanga\u017cowanych wsp\u00f3lnot.<\/div><div dir=\"auto\">\u00a0<\/div><div dir=\"auto\"><strong>Pracuj\u0119 holistycznie \u2013 uwzgl\u0119dniaj\u0105c emocje, relacje, zdrowie i kontekst \u017cyciowy. Wspieram szczeg\u00f3lnie kobiety i matki do\u015bwiadczaj\u0105ce przeci\u0105\u017cenia, pomagaj\u0105c im odzyska\u0107 sprawczo\u015b\u0107, r\u00f3wnowag\u0119 i poczucie w\u0142asnej warto\u015bci.<\/strong><\/div><div dir=\"auto\">\u00a0<\/div><div dir=\"auto\">Prowadz\u0119 warsztaty i mentoring, \u0142\u0105cz\u0105c refleksj\u0119 z konkretnymi narz\u0119dziami rozwojowymi. <strong>Wierz\u0119, \u017ce relacja i zrozumienie s\u0105 fundamentem trwa\u0142ej zmiany oraz \u017ce \u017cadna mama nie powinna zostawa\u0107 sama ze swoim ci\u0119\u017carem.<\/strong><\/div><div dir=\"auto\">\u00a0<\/div>\t\t\t\t\t\t<\/div>\n\t\t\t\t<\/div>\n\t\t\t\t<div class=\"elementor-element elementor-element-832ab9d elementor-position-left elementor-vertical-align-middle elementor-view-default elementor-mobile-position-top elementor-widget elementor-widget-icon-box\" data-id=\"832ab9d\" data-element_type=\"widget\" data-widget_type=\"icon-box.default\">\n\t\t\t\t<div class=\"elementor-widget-container\">\n\t\t\t<link rel=\"stylesheet\" href=\"https:\/\/hcw.org.pl\/wp-content\/plugins\/elementor\/assets\/css\/widget-icon-box.min.css\">\t\t<div class=\"elementor-icon-box-wrapper\">\n\t\t\t\t\t\t<div class=\"elementor-icon-box-icon\">\n\t\t\t\t<a class=\"elementor-icon elementor-animation-\" href=\"https:\/\/hcw.org.pl\/index.php\/zarzad\/\">\n\t\t\t\t<i aria-hidden=\"true\" class=\"fas fa-angle-double-left\"><\/i>\t\t\t\t<\/a>\n\t\t\t<\/div>\n\t\t\t\t\t\t<div class=\"elementor-icon-box-content\">\n\t\t\t\t<h6 class=\"elementor-icon-box-title\">\n\t\t\t\t\t<a href=\"https:\/\/hcw.org.pl\/index.php\/zarzad\/\" >\n\t\t\t\t\t\tPowr\u00f3t\t\t\t\t\t<\/a>\n\t\t\t\t<\/h6>\n\t\t\t\t\t\t\t<\/div>\n\t\t<\/div>\n\t\t\t\t<\/div>\n\t\t\t\t<\/div>\n\t\t\t\t\t<\/div>\n\t\t<\/div>\n\t\t\t\t\t\t\t<\/div>\n\t\t<\/section>\n\t\t\t\t<section class=\"elementor-section elementor-top-section elementor-element elementor-element-8d39abf elementor-section-full_width elementor-section-stretched elementor-section-height-default elementor-section-height-default\" data-id=\"8d39abf\" data-element_type=\"section\" data-settings=\"{&quot;stretch_section&quot;:&quot;section-stretched&quot;}\">\n\t\t\t\t\t\t<div class=\"elementor-container elementor-column-gap-default\">\n\t\t\t\t\t<div class=\"elementor-column elementor-col-100 elementor-top-column elementor-element elementor-element-92e7bb0\" data-id=\"92e7bb0\" data-element_type=\"column\">\n\t\t\t<div class=\"elementor-widget-wrap elementor-element-populated\">\n\t\t\t\t\t\t\t\t<div class=\"elementor-element elementor-element-4cce76a elementor-widget elementor-widget-spacer\" data-id=\"4cce76a\" data-element_type=\"widget\" data-widget_type=\"spacer.default\">\n\t\t\t\t<div class=\"elementor-widget-container\">\n\t\t\t\t\t<div class=\"elementor-spacer\">\n\t\t\t<div class=\"elementor-spacer-inner\"><\/div>\n\t\t<\/div>\n\t\t\t\t<\/div>\n\t\t\t\t<\/div>\n\t\t\t\t\t<\/div>\n\t\t<\/div>\n\t\t\t\t\t\t\t<\/div>\n\t\t<\/section>\n\t\t\t\t\t\t\t<\/div>\n\t\t","protected":false},"excerpt":{"rendered":"<p>Agnieszka Sadowska WICEPREZES FUNDACJI HOLISTYCZNE CENTRUM WSPARCIA Wieloletnia edukatorka, pedagog i mentorka rozwoju kobiet, od siedemnastu lat pracuj\u0105ca z dzie\u0107mi i rodzinami. \u0141\u0105cz\u0119 praktyk\u0119 zawodow\u0105 z osobistym, szesnastoletnim do\u015bwiadczeniem macierzy\u0144stwa dziecka z niepe\u0142nosprawno\u015bci\u0105, co pozwala mi wspiera\u0107 rodziny zar\u00f3wno z perspektywy specjalisty, jak i mamy. Do\u015bwiadczenie zdobywa\u0142am w plac\u00f3wkach o\u015bwiatowych w najwi\u0119kszych miastach Polski. Od [&hellip;]<\/p>\n","protected":false},"author":1,"featured_media":0,"parent":0,"menu_order":0,"comment_status":"closed","ping_status":"closed","template":"elementor_theme","meta":{"footnotes":""},"class_list":["post-1302","page","type-page","status-publish","hentry"],"_links":{"self":[{"href":"https:\/\/hcw.org.pl\/index.php\/wp-json\/wp\/v2\/pages\/1302","targetHints":{"allow":["GET"]}}],"collection":[{"href":"https:\/\/hcw.org.pl\/index.php\/wp-json\/wp\/v2\/pages"}],"about":[{"href":"https:\/\/hcw.org.pl\/index.php\/wp-json\/wp\/v2\/types\/page"}],"author":[{"embeddable":true,"href":"https:\/\/hcw.org.pl\/index.php\/wp-json\/wp\/v2\/users\/1"}],"replies":[{"embeddable":true,"href":"https:\/\/hcw.org.pl\/index.php\/wp-json\/wp\/v2\/comments?post=1302"}],"version-history":[{"count":22,"href":"https:\/\/hcw.org.pl\/index.php\/wp-json\/wp\/v2\/pages\/1302\/revisions"}],"predecessor-version":[{"id":2724,"href":"https:\/\/hcw.org.pl\/index.php\/wp-json\/wp\/v2\/pages\/1302\/revisions\/2724"}],"wp:attachment":[{"href":"https:\/\/hcw.org.pl\/index.php\/wp-json\/wp\/v2\/media?parent=1302"}],"curies":[{"name":"wp","href":"https:\/\/api.w.org\/{rel}","templated":true}]}}