{"id":1904,"date":"2025-06-22T11:23:04","date_gmt":"2025-06-22T11:23:04","guid":{"rendered":"https:\/\/hcw.org.pl\/?page_id=1904"},"modified":"2025-06-22T15:55:55","modified_gmt":"2025-06-22T15:55:55","slug":"rekrutacja","status":"publish","type":"page","link":"https:\/\/hcw.org.pl\/index.php\/dzialania\/moc-dobrostanu\/rekrutacja\/","title":{"rendered":"REKRUTACJA"},"content":{"rendered":"\t\t<div data-elementor-type=\"wp-page\" data-elementor-id=\"1904\" class=\"elementor elementor-1904\">\n\t\t\t\t\t\t\t\t\t<section class=\"elementor-section elementor-top-section elementor-element elementor-element-9ba86ea elementor-section-boxed elementor-section-height-default elementor-section-height-default\" data-id=\"9ba86ea\" data-element_type=\"section\">\n\t\t\t\t\t\t<div class=\"elementor-container elementor-column-gap-default\">\n\t\t\t\t\t<div class=\"elementor-column elementor-col-100 elementor-top-column elementor-element elementor-element-db0379c\" data-id=\"db0379c\" data-element_type=\"column\">\n\t\t\t<div class=\"elementor-widget-wrap elementor-element-populated\">\n\t\t\t\t\t\t\t\t<div class=\"elementor-element elementor-element-3e72997 elementor-widget elementor-widget-image\" data-id=\"3e72997\" data-element_type=\"widget\" data-widget_type=\"image.default\">\n\t\t\t\t<div class=\"elementor-widget-container\">\n\t\t\t<style>\/*! elementor - v3.14.0 - 26-06-2023 *\/\n.elementor-widget-image{text-align:center}.elementor-widget-image a{display:inline-block}.elementor-widget-image a img[src$=\".svg\"]{width:48px}.elementor-widget-image img{vertical-align:middle;display:inline-block}<\/style>\t\t\t\t\t\t\t\t\t\t\t\t<img loading=\"lazy\" decoding=\"async\" width=\"2560\" height=\"1122\" src=\"https:\/\/hcw.org.pl\/wp-content\/uploads\/2025\/06\/NOWE_FIO_zestawienie_2_KOLOR-scaled.png\" class=\"attachment-full size-full wp-image-1986\" alt=\"\" srcset=\"https:\/\/hcw.org.pl\/wp-content\/uploads\/2025\/06\/NOWE_FIO_zestawienie_2_KOLOR-scaled.png 2560w, https:\/\/hcw.org.pl\/wp-content\/uploads\/2025\/06\/NOWE_FIO_zestawienie_2_KOLOR-300x131.png 300w, https:\/\/hcw.org.pl\/wp-content\/uploads\/2025\/06\/NOWE_FIO_zestawienie_2_KOLOR-1024x449.png 1024w, https:\/\/hcw.org.pl\/wp-content\/uploads\/2025\/06\/NOWE_FIO_zestawienie_2_KOLOR-768x337.png 768w, https:\/\/hcw.org.pl\/wp-content\/uploads\/2025\/06\/NOWE_FIO_zestawienie_2_KOLOR-1536x673.png 1536w, https:\/\/hcw.org.pl\/wp-content\/uploads\/2025\/06\/NOWE_FIO_zestawienie_2_KOLOR-2048x897.png 2048w\" sizes=\"auto, (max-width: 2560px) 100vw, 2560px\" \/>\t\t\t\t\t\t\t\t\t\t\t\t\t\t\t<\/div>\n\t\t\t\t<\/div>\n\t\t\t\t\t<\/div>\n\t\t<\/div>\n\t\t\t\t\t\t\t<\/div>\n\t\t<\/section>\n\t\t\t\t<section class=\"elementor-section elementor-top-section elementor-element elementor-element-58215ac1 elementor-section-boxed elementor-section-height-default elementor-section-height-default\" data-id=\"58215ac1\" data-element_type=\"section\">\n\t\t\t\t\t\t<div class=\"elementor-container elementor-column-gap-default\">\n\t\t\t\t\t<div class=\"elementor-column elementor-col-100 elementor-top-column elementor-element elementor-element-7a982d8a\" data-id=\"7a982d8a\" data-element_type=\"column\">\n\t\t\t<div class=\"elementor-widget-wrap elementor-element-populated\">\n\t\t\t\t\t\t\t\t<div class=\"elementor-element elementor-element-586eaa05 elementor-widget elementor-widget-text-editor\" data-id=\"586eaa05\" data-element_type=\"widget\" data-widget_type=\"text-editor.default\">\n\t\t\t\t<div class=\"elementor-widget-container\">\n\t\t\t<style>\/*! elementor - v3.14.0 - 26-06-2023 *\/\n.elementor-widget-text-editor.elementor-drop-cap-view-stacked .elementor-drop-cap{background-color:#69727d;color:#fff}.elementor-widget-text-editor.elementor-drop-cap-view-framed .elementor-drop-cap{color:#69727d;border:3px solid;background-color:transparent}.elementor-widget-text-editor:not(.elementor-drop-cap-view-default) .elementor-drop-cap{margin-top:8px}.elementor-widget-text-editor:not(.elementor-drop-cap-view-default) .elementor-drop-cap-letter{width:1em;height:1em}.elementor-widget-text-editor .elementor-drop-cap{float:left;text-align:center;line-height:1;font-size:50px}.elementor-widget-text-editor .elementor-drop-cap-letter{display:inline-block}<\/style>\t\t\t\t<!-- wp:paragraph -->\n<p>Aby wzi\u0105\u0107 udzia\u0142 w projekcie, nale\u017cy zapozna\u0107 si\u0119 z regulaminem oraz wype\u0142ni\u0107 formularz zg\u0142oszeniowy wraz z kwestionariuszem autodiagnozy:<\/p>\n<!-- \/wp:paragraph --><!-- wp:file {\"id\":849,\"href\":\"https:\/\/hcw.org.pl\/wp-content\/uploads\/2025\/06\/0-REG_Moc.pdf\",\"displayPreview\":true,\"previewHeight\":200} -->\n<div class=\"wp-block-file\"><object class=\"wp-block-file__embed\" style=\"width: 100%; height: 200px;\" data=\"https:\/\/hcw.org.pl\/wp-content\/uploads\/2025\/06\/0-REG_Moc.pdf\" type=\"application\/pdf\" width=\"300\" height=\"150\" aria-label=\"Osadzone z Regulamin projektu.\"><span style=\"display: inline-block; width: 0px; overflow: hidden; line-height: 0;\" data-mce-type=\"bookmark\" class=\"mce_SELRES_end\"><span style=\"display: inline-block; width: 0px; overflow: hidden; line-height: 0;\" data-mce-type=\"bookmark\" class=\"mce_SELRES_end\">\ufeff<\/span>\ufeff<\/span><\/object><a id=\"wp-block-file--media-f90eee60-9b0d-4e8b-a696-02a242b19a3e\" href=\"https:\/\/hcw.org.pl\/wp-content\/uploads\/2025\/06\/0-REG_Moc.pdf\" target=\"_blank\" rel=\"noreferrer noopener\">Regulamin projektu<\/a><a class=\"wp-block-file__button\" href=\"https:\/\/hcw.org.pl\/wp-content\/uploads\/2025\/06\/0-REG_Moc.pdf\" download=\"\" aria-describedby=\"wp-block-file--media-f90eee60-9b0d-4e8b-a696-02a242b19a3e\">Pobierz<\/a><\/div>\n<!-- \/wp:file --><!-- wp:spacer {\"height\":\"30px\"} -->\n<div class=\"wp-block-spacer\" style=\"height: 30px;\" aria-hidden=\"true\">\u00a0<\/div>\n<!-- \/wp:spacer --><!-- wp:file {\"id\":850,\"href\":\"https:\/\/hcw.org.pl\/wp-content\/uploads\/2025\/06\/1-FORM_zgloszeniowy_Moc.pdf\",\"displayPreview\":true,\"previewHeight\":200} -->\n<div class=\"wp-block-file\"><object class=\"wp-block-file__embed\" style=\"width: 100%; height: 200px;\" data=\"https:\/\/hcw.org.pl\/wp-content\/uploads\/2025\/06\/1-FORM_zgloszeniowy_Moc.pdf\" type=\"application\/pdf\" width=\"300\" height=\"150\" aria-label=\"Osadzone z Formularz zg\u0142oszeniowy.\"><\/object><a id=\"wp-block-file--media-2724f5ed-5091-48b1-8b5d-70f7bed457b1\" href=\"https:\/\/hcw.org.pl\/wp-content\/uploads\/2025\/06\/1-FORM_zgloszeniowy_Moc.pdf\" target=\"_blank\" rel=\"noreferrer noopener\">Formularz zg\u0142oszeniowy<\/a><a class=\"wp-block-file__button\" href=\"https:\/\/hcw.org.pl\/wp-content\/uploads\/2025\/06\/1-FORM_zgloszeniowy_Moc.pdf\" download=\"\" aria-describedby=\"wp-block-file--media-2724f5ed-5091-48b1-8b5d-70f7bed457b1\">Pobierz<\/a><\/div>\n<!-- \/wp:file --><!-- wp:spacer {\"height\":\"30px\"} -->\n<div class=\"wp-block-spacer\" style=\"height: 30px;\" aria-hidden=\"true\">\u00a0<\/div>\n<!-- \/wp:spacer --><!-- wp:file {\"id\":848,\"href\":\"https:\/\/hcw.org.pl\/wp-content\/uploads\/2025\/06\/Kw_MOC_poczatek.pdf\",\"displayPreview\":true,\"previewHeight\":200} -->\n<div class=\"wp-block-file\"><object class=\"wp-block-file__embed\" style=\"width: 100%; height: 200px;\" data=\"https:\/\/hcw.org.pl\/wp-content\/uploads\/2025\/06\/Kw_MOC_poczatek.pdf\" type=\"application\/pdf\" width=\"300\" height=\"150\" aria-label=\"Osadzone z Zgoda na przetwarzanie danych osobowych.\"><\/object><a id=\"wp-block-file--media-1cf7f5b2-ab56-43a9-84b6-f340d527efe3\" href=\"https:\/\/hcw.org.pl\/wp-content\/uploads\/2025\/06\/Kw_MOC_poczatek.pdf\" target=\"_blank\" rel=\"noreferrer noopener\">Kwestionariusz autodiagnozy<\/a><a class=\"wp-block-file__button\" href=\"https:\/\/hcw.org.pl\/wp-content\/uploads\/2025\/06\/Kw_MOC_poczatek.pdf\" download=\"\" aria-describedby=\"wp-block-file--media-1cf7f5b2-ab56-43a9-84b6-f340d527efe3\">Pobierz<\/a><\/div>\t\t\t\t\t\t<\/div>\n\t\t\t\t<\/div>\n\t\t\t\t\t<\/div>\n\t\t<\/div>\n\t\t\t\t\t\t\t<\/div>\n\t\t<\/section>\n\t\t\t\t<section class=\"elementor-section elementor-top-section elementor-element elementor-element-0aaa8be elementor-section-boxed elementor-section-height-default elementor-section-height-default\" data-id=\"0aaa8be\" data-element_type=\"section\">\n\t\t\t\t\t\t<div class=\"elementor-container elementor-column-gap-default\">\n\t\t\t\t\t<div class=\"elementor-column elementor-col-100 elementor-top-column elementor-element elementor-element-bcecf81\" data-id=\"bcecf81\" data-element_type=\"column\">\n\t\t\t<div class=\"elementor-widget-wrap elementor-element-populated\">\n\t\t\t\t\t\t\t\t<div class=\"elementor-element elementor-element-ff950d1 elementor-widget elementor-widget-text-editor\" data-id=\"ff950d1\" data-element_type=\"widget\" data-widget_type=\"text-editor.default\">\n\t\t\t\t<div class=\"elementor-widget-container\">\n\t\t\t\t\t\t\t<p>Powy\u017csze dokumenty s\u0105 tak\u017ce dost\u0119pne w biurze projektu i podczas spotka\u0144 bezpo\u015brednich. Wype\u0142nione dokumenty nale\u017cy przekaza\u0107\/przes\u0142a\u0107 na adres biura: ul. D\u0142uga 5 (lok. 15), 20-346 Lublin, lub przes\u0142a\u0107 w formie skanu na adres e-mail: fundacjahcw@gmail.com.<\/p>\t\t\t\t\t\t<\/div>\n\t\t\t\t<\/div>\n\t\t\t\t\t<\/div>\n\t\t<\/div>\n\t\t\t\t\t\t\t<\/div>\n\t\t<\/section>\n\t\t\t\t\t\t\t<\/div>\n\t\t","protected":false},"excerpt":{"rendered":"<p>Aby wzi\u0105\u0107 udzia\u0142 w projekcie, nale\u017cy zapozna\u0107 si\u0119 z regulaminem oraz wype\u0142ni\u0107 formularz zg\u0142oszeniowy wraz z kwestionariuszem autodiagnozy:<\/p>\n","protected":false},"author":1,"featured_media":0,"parent":1894,"menu_order":0,"comment_status":"closed","ping_status":"closed","template":"","meta":{"footnotes":""},"class_list":["post-1904","page","type-page","status-publish","hentry"],"_links":{"self":[{"href":"https:\/\/hcw.org.pl\/index.php\/wp-json\/wp\/v2\/pages\/1904","targetHints":{"allow":["GET"]}}],"collection":[{"href":"https:\/\/hcw.org.pl\/index.php\/wp-json\/wp\/v2\/pages"}],"about":[{"href":"https:\/\/hcw.org.pl\/index.php\/wp-json\/wp\/v2\/types\/page"}],"author":[{"embeddable":true,"href":"https:\/\/hcw.org.pl\/index.php\/wp-json\/wp\/v2\/users\/1"}],"replies":[{"embeddable":true,"href":"https:\/\/hcw.org.pl\/index.php\/wp-json\/wp\/v2\/comments?post=1904"}],"version-history":[{"count":31,"href":"https:\/\/hcw.org.pl\/index.php\/wp-json\/wp\/v2\/pages\/1904\/revisions"}],"predecessor-version":[{"id":2067,"href":"https:\/\/hcw.org.pl\/index.php\/wp-json\/wp\/v2\/pages\/1904\/revisions\/2067"}],"up":[{"embeddable":true,"href":"https:\/\/hcw.org.pl\/index.php\/wp-json\/wp\/v2\/pages\/1894"}],"wp:attachment":[{"href":"https:\/\/hcw.org.pl\/index.php\/wp-json\/wp\/v2\/media?parent=1904"}],"curies":[{"name":"wp","href":"https:\/\/api.w.org\/{rel}","templated":true}]}}