{"id":1919,"date":"2025-06-22T11:43:45","date_gmt":"2025-06-22T11:43:45","guid":{"rendered":"https:\/\/hcw.org.pl\/?page_id=1919"},"modified":"2025-06-22T16:03:46","modified_gmt":"2025-06-22T16:03:46","slug":"uczestnicy","status":"publish","type":"page","link":"https:\/\/hcw.org.pl\/index.php\/dzialania\/moc-dobrostanu\/uczestnicy\/","title":{"rendered":"UCZESTNICZKI"},"content":{"rendered":"\t\t<div data-elementor-type=\"wp-page\" data-elementor-id=\"1919\" class=\"elementor elementor-1919\">\n\t\t\t\t\t\t\t\t\t<section class=\"elementor-section elementor-top-section elementor-element elementor-element-3f2b8a1 elementor-section-boxed elementor-section-height-default elementor-section-height-default\" data-id=\"3f2b8a1\" data-element_type=\"section\">\n\t\t\t\t\t\t<div class=\"elementor-container elementor-column-gap-default\">\n\t\t\t\t\t<div class=\"elementor-column elementor-col-100 elementor-top-column elementor-element elementor-element-a704651\" data-id=\"a704651\" data-element_type=\"column\">\n\t\t\t<div class=\"elementor-widget-wrap elementor-element-populated\">\n\t\t\t\t\t\t\t\t<div class=\"elementor-element elementor-element-8dc8eda elementor-widget elementor-widget-image\" data-id=\"8dc8eda\" data-element_type=\"widget\" data-widget_type=\"image.default\">\n\t\t\t\t<div class=\"elementor-widget-container\">\n\t\t\t<style>\/*! elementor - v3.14.0 - 26-06-2023 *\/\n.elementor-widget-image{text-align:center}.elementor-widget-image a{display:inline-block}.elementor-widget-image a img[src$=\".svg\"]{width:48px}.elementor-widget-image img{vertical-align:middle;display:inline-block}<\/style>\t\t\t\t\t\t\t\t\t\t\t\t<img loading=\"lazy\" decoding=\"async\" width=\"2560\" height=\"1122\" src=\"https:\/\/hcw.org.pl\/wp-content\/uploads\/2025\/06\/NOWE_FIO_zestawienie_2_KOLOR-scaled.png\" class=\"attachment-full size-full wp-image-1986\" alt=\"\" srcset=\"https:\/\/hcw.org.pl\/wp-content\/uploads\/2025\/06\/NOWE_FIO_zestawienie_2_KOLOR-scaled.png 2560w, https:\/\/hcw.org.pl\/wp-content\/uploads\/2025\/06\/NOWE_FIO_zestawienie_2_KOLOR-300x131.png 300w, https:\/\/hcw.org.pl\/wp-content\/uploads\/2025\/06\/NOWE_FIO_zestawienie_2_KOLOR-1024x449.png 1024w, https:\/\/hcw.org.pl\/wp-content\/uploads\/2025\/06\/NOWE_FIO_zestawienie_2_KOLOR-768x337.png 768w, https:\/\/hcw.org.pl\/wp-content\/uploads\/2025\/06\/NOWE_FIO_zestawienie_2_KOLOR-1536x673.png 1536w, https:\/\/hcw.org.pl\/wp-content\/uploads\/2025\/06\/NOWE_FIO_zestawienie_2_KOLOR-2048x897.png 2048w\" sizes=\"auto, (max-width: 2560px) 100vw, 2560px\" \/>\t\t\t\t\t\t\t\t\t\t\t\t\t\t\t<\/div>\n\t\t\t\t<\/div>\n\t\t\t\t\t<\/div>\n\t\t<\/div>\n\t\t\t\t\t\t\t<\/div>\n\t\t<\/section>\n\t\t\t\t<section class=\"elementor-section elementor-top-section elementor-element elementor-element-b9ea1b1 elementor-section-boxed elementor-section-height-default elementor-section-height-default\" data-id=\"b9ea1b1\" data-element_type=\"section\">\n\t\t\t\t\t\t<div class=\"elementor-container elementor-column-gap-default\">\n\t\t\t\t\t<div class=\"elementor-column elementor-col-100 elementor-top-column elementor-element elementor-element-e5c58fa\" data-id=\"e5c58fa\" data-element_type=\"column\">\n\t\t\t<div class=\"elementor-widget-wrap elementor-element-populated\">\n\t\t\t\t\t\t\t\t<div class=\"elementor-element elementor-element-d0c8a91 elementor-widget elementor-widget-text-editor\" data-id=\"d0c8a91\" data-element_type=\"widget\" data-widget_type=\"text-editor.default\">\n\t\t\t\t<div class=\"elementor-widget-container\">\n\t\t\t<style>\/*! elementor - v3.14.0 - 26-06-2023 *\/\n.elementor-widget-text-editor.elementor-drop-cap-view-stacked .elementor-drop-cap{background-color:#69727d;color:#fff}.elementor-widget-text-editor.elementor-drop-cap-view-framed .elementor-drop-cap{color:#69727d;border:3px solid;background-color:transparent}.elementor-widget-text-editor:not(.elementor-drop-cap-view-default) .elementor-drop-cap{margin-top:8px}.elementor-widget-text-editor:not(.elementor-drop-cap-view-default) .elementor-drop-cap-letter{width:1em;height:1em}.elementor-widget-text-editor .elementor-drop-cap{float:left;text-align:center;line-height:1;font-size:50px}.elementor-widget-text-editor .elementor-drop-cap-letter{display:inline-block}<\/style>\t\t\t\t<p>Bezpo\u015bredni\u0105 grup\u0105 docelow\u0105 w projekcie jest 20 kobiet b\u0119d\u0105cych matkami, powy\u017cej 18 roku \u017cycia, zamieszkuj\u0105cych w Lublinie lub s\u0105siednich gminach (powiat lubelski), kobiety aktywne lub nieaktywne zawodowo, pe\u0142ni\u0105ce r\u00f3\u017cne role spo\u0142eczne, do\u015bwiadczaj\u0105ce we w\u0142asnej ocenie wypalenia (rodzicielskiego, zawodowego), wyczerpania rol\u0105 rodzicielsk\u0105 czy te\u017c maj\u0105ce trudno\u015bci w \u0142\u0105czeniu r\u00f3\u017cnych r\u00f3l \u017cyciowych.<\/p>\t\t\t\t\t\t<\/div>\n\t\t\t\t<\/div>\n\t\t\t\t\t<\/div>\n\t\t<\/div>\n\t\t\t\t\t\t\t<\/div>\n\t\t<\/section>\n\t\t\t\t<section class=\"elementor-section elementor-top-section elementor-element elementor-element-83c5475 elementor-section-boxed elementor-section-height-default elementor-section-height-default\" data-id=\"83c5475\" data-element_type=\"section\">\n\t\t\t\t\t\t<div class=\"elementor-container elementor-column-gap-default\">\n\t\t\t\t\t<div class=\"elementor-column elementor-col-100 elementor-top-column elementor-element elementor-element-d8ece85\" data-id=\"d8ece85\" data-element_type=\"column\">\n\t\t\t<div class=\"elementor-widget-wrap elementor-element-populated\">\n\t\t\t\t\t\t\t\t<div class=\"elementor-element elementor-element-cc025e6 elementor-widget elementor-widget-image\" data-id=\"cc025e6\" data-element_type=\"widget\" data-widget_type=\"image.default\">\n\t\t\t\t<div class=\"elementor-widget-container\">\n\t\t\t\t\t\t\t\t\t\t\t\t\t\t\t<img loading=\"lazy\" decoding=\"async\" width=\"2560\" height=\"1847\" src=\"https:\/\/hcw.org.pl\/wp-content\/uploads\/2025\/06\/t9-family-046_moc-scaled.jpg\" class=\"attachment-full size-full wp-image-2058\" alt=\"\" srcset=\"https:\/\/hcw.org.pl\/wp-content\/uploads\/2025\/06\/t9-family-046_moc-scaled.jpg 2560w, https:\/\/hcw.org.pl\/wp-content\/uploads\/2025\/06\/t9-family-046_moc-300x216.jpg 300w, https:\/\/hcw.org.pl\/wp-content\/uploads\/2025\/06\/t9-family-046_moc-1024x739.jpg 1024w, https:\/\/hcw.org.pl\/wp-content\/uploads\/2025\/06\/t9-family-046_moc-768x554.jpg 768w, https:\/\/hcw.org.pl\/wp-content\/uploads\/2025\/06\/t9-family-046_moc-1536x1108.jpg 1536w, https:\/\/hcw.org.pl\/wp-content\/uploads\/2025\/06\/t9-family-046_moc-2048x1478.jpg 2048w\" sizes=\"auto, (max-width: 2560px) 100vw, 2560px\" \/>\t\t\t\t\t\t\t\t\t\t\t\t\t\t\t<\/div>\n\t\t\t\t<\/div>\n\t\t\t\t\t<\/div>\n\t\t<\/div>\n\t\t\t\t\t\t\t<\/div>\n\t\t<\/section>\n\t\t\t\t<section class=\"elementor-section elementor-top-section elementor-element elementor-element-253c8c9 elementor-section-boxed elementor-section-height-default elementor-section-height-default\" data-id=\"253c8c9\" data-element_type=\"section\">\n\t\t\t\t\t\t<div class=\"elementor-container elementor-column-gap-default\">\n\t\t\t\t\t<div class=\"elementor-column elementor-col-100 elementor-top-column elementor-element elementor-element-1f478e0\" data-id=\"1f478e0\" data-element_type=\"column\">\n\t\t\t<div class=\"elementor-widget-wrap elementor-element-populated\">\n\t\t\t\t\t\t\t\t<div class=\"elementor-element elementor-element-5e4b436 elementor-widget elementor-widget-spacer\" data-id=\"5e4b436\" data-element_type=\"widget\" data-widget_type=\"spacer.default\">\n\t\t\t\t<div class=\"elementor-widget-container\">\n\t\t\t<style>\/*! elementor - v3.14.0 - 26-06-2023 *\/\n.elementor-column .elementor-spacer-inner{height:var(--spacer-size)}.e-con{--container-widget-width:100%}.e-con-inner>.elementor-widget-spacer,.e-con>.elementor-widget-spacer{width:var(--container-widget-width,var(--spacer-size));--align-self:var(--container-widget-align-self,initial);--flex-shrink:0}.e-con-inner>.elementor-widget-spacer>.elementor-widget-container,.e-con-inner>.elementor-widget-spacer>.elementor-widget-container>.elementor-spacer,.e-con>.elementor-widget-spacer>.elementor-widget-container,.e-con>.elementor-widget-spacer>.elementor-widget-container>.elementor-spacer{height:100%}.e-con-inner>.elementor-widget-spacer>.elementor-widget-container>.elementor-spacer>.elementor-spacer-inner,.e-con>.elementor-widget-spacer>.elementor-widget-container>.elementor-spacer>.elementor-spacer-inner{height:var(--container-widget-height,var(--spacer-size))}<\/style>\t\t<div class=\"elementor-spacer\">\n\t\t\t<div class=\"elementor-spacer-inner\"><\/div>\n\t\t<\/div>\n\t\t\t\t<\/div>\n\t\t\t\t<\/div>\n\t\t\t\t\t<\/div>\n\t\t<\/div>\n\t\t\t\t\t\t\t<\/div>\n\t\t<\/section>\n\t\t\t\t<section class=\"elementor-section elementor-top-section elementor-element elementor-element-a7b48c5 elementor-section-boxed elementor-section-height-default elementor-section-height-default\" data-id=\"a7b48c5\" data-element_type=\"section\">\n\t\t\t\t\t\t<div class=\"elementor-container elementor-column-gap-default\">\n\t\t\t\t\t<div class=\"elementor-column elementor-col-100 elementor-top-column elementor-element elementor-element-5b2bf14\" data-id=\"5b2bf14\" data-element_type=\"column\">\n\t\t\t<div class=\"elementor-widget-wrap elementor-element-populated\">\n\t\t\t\t\t\t\t\t<div class=\"elementor-element elementor-element-778a4d1 elementor-widget elementor-widget-text-editor\" data-id=\"778a4d1\" data-element_type=\"widget\" data-widget_type=\"text-editor.default\">\n\t\t\t\t<div class=\"elementor-widget-container\">\n\t\t\t\t\t\t\t<p>Do projektu zapraszamy w szczeg\u00f3lno\u015bci kobiety-matki, kt\u00f3re:<\/p><ul><li>nie radz\u0105 sobie ze stresem oraz presj\u0105 spo\u0142eczn\u0105 bycia matk\u0105,<\/li><li>nie potrafi\u0105 znale\u017a\u0107 r\u00f3wnowagi (praca-obowi\u0105zki-wypoczynek),<\/li><li>o niskim poziomie poczucia w\u0142asnej warto\u015bci, niepewne siebie,<\/li><li>zal\u0119knione, poddawane presji spo\u0142ecznej co do zachowania, wygl\u0105du, postaw.<\/li><\/ul><p>A kt\u00f3re jednocze\u015bnie:<\/p><ul><li>pragn\u0105 zmniejszy\u0107 pojawiaj\u0105cy si\u0119 dystans do swoich dzieci, m\u0119\u017ca czy partnera,<\/li><li>pragn\u0105 poprawi\u0107 jako\u015b\u0107 swojego zdrowia psychicznego i fizycznego,<\/li><li>pragn\u0105 rozwija\u0107 swoje kompetencje osobiste, umiej\u0119tno\u015bci spo\u0142eczne, zainteresowania, pasje,<\/li><li>pragn\u0105 rozwija\u0107 swoj\u0105 inteligencj\u0119 emocjonaln\u0105 (samo\u015bwiadomo\u015b\u0107, samoregulacj\u0119), motywacj\u0119, empati\u0119.<\/li><\/ul>\t\t\t\t\t\t<\/div>\n\t\t\t\t<\/div>\n\t\t\t\t\t<\/div>\n\t\t<\/div>\n\t\t\t\t\t\t\t<\/div>\n\t\t<\/section>\n\t\t\t\t<section class=\"elementor-section elementor-top-section elementor-element elementor-element-783a69d elementor-section-boxed elementor-section-height-default elementor-section-height-default\" data-id=\"783a69d\" data-element_type=\"section\">\n\t\t\t\t\t\t<div class=\"elementor-container elementor-column-gap-default\">\n\t\t\t\t\t<div class=\"elementor-column elementor-col-100 elementor-top-column elementor-element elementor-element-3517b62\" data-id=\"3517b62\" data-element_type=\"column\">\n\t\t\t<div class=\"elementor-widget-wrap elementor-element-populated\">\n\t\t\t\t\t\t\t\t<div class=\"elementor-element elementor-element-a101dc4 elementor-position-top elementor-view-default elementor-mobile-position-top elementor-vertical-align-top elementor-widget elementor-widget-icon-box\" data-id=\"a101dc4\" data-element_type=\"widget\" data-widget_type=\"icon-box.default\">\n\t\t\t\t<div class=\"elementor-widget-container\">\n\t\t\t<link rel=\"stylesheet\" href=\"https:\/\/hcw.org.pl\/wp-content\/plugins\/elementor\/assets\/css\/widget-icon-box.min.css\">\t\t<div class=\"elementor-icon-box-wrapper\">\n\t\t\t\t\t\t<div class=\"elementor-icon-box-icon\">\n\t\t\t\t<a class=\"elementor-icon elementor-animation-\" href=\"https:\/\/hcw.org.pl\/index.php\/dzialania\/moc-dobrostanu\/rekrutacja\/\">\n\t\t\t\t<i aria-hidden=\"true\" class=\"fas fa-angle-double-right\"><\/i>\t\t\t\t<\/a>\n\t\t\t<\/div>\n\t\t\t\t\t\t<div class=\"elementor-icon-box-content\">\n\t\t\t\t<h6 class=\"elementor-icon-box-title\">\n\t\t\t\t\t<a href=\"https:\/\/hcw.org.pl\/index.php\/dzialania\/moc-dobrostanu\/rekrutacja\/\" >\n\t\t\t\t\t\tRekrutacja\t\t\t\t\t<\/a>\n\t\t\t\t<\/h6>\n\t\t\t\t\t\t\t<\/div>\n\t\t<\/div>\n\t\t\t\t<\/div>\n\t\t\t\t<\/div>\n\t\t\t\t\t<\/div>\n\t\t<\/div>\n\t\t\t\t\t\t\t<\/div>\n\t\t<\/section>\n\t\t\t\t\t\t\t<\/div>\n\t\t","protected":false},"excerpt":{"rendered":"<p>Bezpo\u015bredni\u0105 grup\u0105 docelow\u0105 w projekcie jest 20 kobiet b\u0119d\u0105cych matkami, powy\u017cej 18 roku \u017cycia, zamieszkuj\u0105cych w Lublinie lub s\u0105siednich gminach (powiat lubelski), kobiety aktywne lub nieaktywne zawodowo, pe\u0142ni\u0105ce r\u00f3\u017cne role spo\u0142eczne, do\u015bwiadczaj\u0105ce we w\u0142asnej ocenie wypalenia (rodzicielskiego, zawodowego), wyczerpania rol\u0105 rodzicielsk\u0105 czy te\u017c maj\u0105ce trudno\u015bci w \u0142\u0105czeniu r\u00f3\u017cnych r\u00f3l \u017cyciowych. Do projektu zapraszamy w szczeg\u00f3lno\u015bci [&hellip;]<\/p>\n","protected":false},"author":1,"featured_media":0,"parent":1894,"menu_order":0,"comment_status":"closed","ping_status":"closed","template":"","meta":{"footnotes":""},"class_list":["post-1919","page","type-page","status-publish","hentry"],"_links":{"self":[{"href":"https:\/\/hcw.org.pl\/index.php\/wp-json\/wp\/v2\/pages\/1919","targetHints":{"allow":["GET"]}}],"collection":[{"href":"https:\/\/hcw.org.pl\/index.php\/wp-json\/wp\/v2\/pages"}],"about":[{"href":"https:\/\/hcw.org.pl\/index.php\/wp-json\/wp\/v2\/types\/page"}],"author":[{"embeddable":true,"href":"https:\/\/hcw.org.pl\/index.php\/wp-json\/wp\/v2\/users\/1"}],"replies":[{"embeddable":true,"href":"https:\/\/hcw.org.pl\/index.php\/wp-json\/wp\/v2\/comments?post=1919"}],"version-history":[{"count":35,"href":"https:\/\/hcw.org.pl\/index.php\/wp-json\/wp\/v2\/pages\/1919\/revisions"}],"predecessor-version":[{"id":2080,"href":"https:\/\/hcw.org.pl\/index.php\/wp-json\/wp\/v2\/pages\/1919\/revisions\/2080"}],"up":[{"embeddable":true,"href":"https:\/\/hcw.org.pl\/index.php\/wp-json\/wp\/v2\/pages\/1894"}],"wp:attachment":[{"href":"https:\/\/hcw.org.pl\/index.php\/wp-json\/wp\/v2\/media?parent=1919"}],"curies":[{"name":"wp","href":"https:\/\/api.w.org\/{rel}","templated":true}]}}