{"id":624,"date":"2022-07-26T16:07:34","date_gmt":"2022-07-26T16:07:34","guid":{"rendered":"https:\/\/hcw.org.pl\/?page_id=624"},"modified":"2022-07-26T17:26:29","modified_gmt":"2022-07-26T17:26:29","slug":"tatowisko-2022","status":"publish","type":"page","link":"https:\/\/hcw.org.pl\/index.php\/dzialania\/tatowisko-2022\/","title":{"rendered":"TATOWISKO 2022"},"content":{"rendered":"\t\t<div data-elementor-type=\"wp-page\" data-elementor-id=\"624\" class=\"elementor elementor-624\">\n\t\t\t\t\t\t\t\t\t<section class=\"elementor-section elementor-top-section elementor-element elementor-element-fa80803 elementor-section-boxed elementor-section-height-default elementor-section-height-default\" data-id=\"fa80803\" data-element_type=\"section\">\n\t\t\t\t\t\t<div class=\"elementor-container elementor-column-gap-default\">\n\t\t\t\t\t<div class=\"elementor-column elementor-col-50 elementor-top-column elementor-element elementor-element-f268161\" data-id=\"f268161\" data-element_type=\"column\">\n\t\t\t<div class=\"elementor-widget-wrap elementor-element-populated\">\n\t\t\t\t\t\t\t\t<div class=\"elementor-element elementor-element-23518e6 elementor-widget elementor-widget-image\" data-id=\"23518e6\" data-element_type=\"widget\" data-widget_type=\"image.default\">\n\t\t\t\t<div class=\"elementor-widget-container\">\n\t\t\t<style>\/*! elementor - v3.14.0 - 26-06-2023 *\/\n.elementor-widget-image{text-align:center}.elementor-widget-image a{display:inline-block}.elementor-widget-image a img[src$=\".svg\"]{width:48px}.elementor-widget-image img{vertical-align:middle;display:inline-block}<\/style>\t\t\t\t\t\t\t\t\t\t\t\t<img loading=\"lazy\" decoding=\"async\" width=\"525\" height=\"525\" src=\"https:\/\/hcw.org.pl\/wp-content\/uploads\/2022\/07\/logo-Tatowisko.jpg\" class=\"attachment-large size-large wp-image-674\" alt=\"\" srcset=\"https:\/\/hcw.org.pl\/wp-content\/uploads\/2022\/07\/logo-Tatowisko.jpg 1000w, https:\/\/hcw.org.pl\/wp-content\/uploads\/2022\/07\/logo-Tatowisko-300x300.jpg 300w, https:\/\/hcw.org.pl\/wp-content\/uploads\/2022\/07\/logo-Tatowisko-150x150.jpg 150w, https:\/\/hcw.org.pl\/wp-content\/uploads\/2022\/07\/logo-Tatowisko-768x768.jpg 768w, https:\/\/hcw.org.pl\/wp-content\/uploads\/2022\/07\/logo-Tatowisko-100x100.jpg 100w\" sizes=\"auto, (max-width: 525px) 100vw, 525px\" \/>\t\t\t\t\t\t\t\t\t\t\t\t\t\t\t<\/div>\n\t\t\t\t<\/div>\n\t\t\t\t\t<\/div>\n\t\t<\/div>\n\t\t\t\t<div class=\"elementor-column elementor-col-50 elementor-top-column elementor-element elementor-element-ead5301\" data-id=\"ead5301\" data-element_type=\"column\">\n\t\t\t<div class=\"elementor-widget-wrap elementor-element-populated\">\n\t\t\t\t\t\t\t\t<div class=\"elementor-element elementor-element-fbb51af elementor-widget elementor-widget-text-editor\" data-id=\"fbb51af\" data-element_type=\"widget\" data-widget_type=\"text-editor.default\">\n\t\t\t\t<div class=\"elementor-widget-container\">\n\t\t\t<style>\/*! elementor - v3.14.0 - 26-06-2023 *\/\n.elementor-widget-text-editor.elementor-drop-cap-view-stacked .elementor-drop-cap{background-color:#69727d;color:#fff}.elementor-widget-text-editor.elementor-drop-cap-view-framed .elementor-drop-cap{color:#69727d;border:3px solid;background-color:transparent}.elementor-widget-text-editor:not(.elementor-drop-cap-view-default) .elementor-drop-cap{margin-top:8px}.elementor-widget-text-editor:not(.elementor-drop-cap-view-default) .elementor-drop-cap-letter{width:1em;height:1em}.elementor-widget-text-editor .elementor-drop-cap{float:left;text-align:center;line-height:1;font-size:50px}.elementor-widget-text-editor .elementor-drop-cap-letter{display:inline-block}<\/style>\t\t\t\t<p>Projekt \u201eTatowisko 2022\u201d jest sfinansowany ze \u015brodk\u00f3w Programu Fundusz Inicjatyw Obywatelskich NOWEFIO na lata 2021\u20132030, Program: NOWEFIO \u2013 EDYCJA 2022 \u2013 PRIORYTETY 2-4, Priorytet 2: Organizacje obywatelskie na rzecz dobra wsp\u00f3lnego; Cel szczeg\u00f3\u0142owy NOWEFIO \u2013 Cel 1: Poprawa samoorganizacji spo\u0142ecznej; Sfera dzia\u0142alno\u015bci po\u017cytku publicznego: 1) pomocy spo\u0142ecznej, w tym pomocy rodzinom i osobom w trudnej sytuacji \u017cyciowej oraz wyr\u00f3wnywania szans tych rodzin i os\u00f3b na podstawie umowy z Narodowym Instytutem Wolno\u015bci \u2013 Centrum Rozwoju Spo\u0142ecze\u0144stwa Obywatelskiego (NIW-CRSO).<\/p>\t\t\t\t\t\t<\/div>\n\t\t\t\t<\/div>\n\t\t\t\t\t<\/div>\n\t\t<\/div>\n\t\t\t\t\t\t\t<\/div>\n\t\t<\/section>\n\t\t\t\t<section class=\"elementor-section elementor-top-section elementor-element elementor-element-5d943a4 elementor-section-full_width elementor-section-stretched elementor-section-height-default elementor-section-height-default\" data-id=\"5d943a4\" data-element_type=\"section\" data-settings=\"{&quot;stretch_section&quot;:&quot;section-stretched&quot;}\">\n\t\t\t\t\t\t<div class=\"elementor-container elementor-column-gap-default\">\n\t\t\t\t\t<div class=\"elementor-column elementor-col-100 elementor-top-column elementor-element elementor-element-5df34c2\" data-id=\"5df34c2\" data-element_type=\"column\">\n\t\t\t<div class=\"elementor-widget-wrap elementor-element-populated\">\n\t\t\t\t\t\t\t\t<div class=\"elementor-element elementor-element-3d8f4cc elementor-widget elementor-widget-spacer\" data-id=\"3d8f4cc\" data-element_type=\"widget\" data-widget_type=\"spacer.default\">\n\t\t\t\t<div class=\"elementor-widget-container\">\n\t\t\t<style>\/*! elementor - v3.14.0 - 26-06-2023 *\/\n.elementor-column .elementor-spacer-inner{height:var(--spacer-size)}.e-con{--container-widget-width:100%}.e-con-inner>.elementor-widget-spacer,.e-con>.elementor-widget-spacer{width:var(--container-widget-width,var(--spacer-size));--align-self:var(--container-widget-align-self,initial);--flex-shrink:0}.e-con-inner>.elementor-widget-spacer>.elementor-widget-container,.e-con-inner>.elementor-widget-spacer>.elementor-widget-container>.elementor-spacer,.e-con>.elementor-widget-spacer>.elementor-widget-container,.e-con>.elementor-widget-spacer>.elementor-widget-container>.elementor-spacer{height:100%}.e-con-inner>.elementor-widget-spacer>.elementor-widget-container>.elementor-spacer>.elementor-spacer-inner,.e-con>.elementor-widget-spacer>.elementor-widget-container>.elementor-spacer>.elementor-spacer-inner{height:var(--container-widget-height,var(--spacer-size))}<\/style>\t\t<div class=\"elementor-spacer\">\n\t\t\t<div class=\"elementor-spacer-inner\"><\/div>\n\t\t<\/div>\n\t\t\t\t<\/div>\n\t\t\t\t<\/div>\n\t\t\t\t\t<\/div>\n\t\t<\/div>\n\t\t\t\t\t\t\t<\/div>\n\t\t<\/section>\n\t\t\t\t<section class=\"elementor-section elementor-top-section elementor-element elementor-element-096f579 elementor-section-full_width elementor-section-stretched elementor-section-height-default elementor-section-height-default\" data-id=\"096f579\" data-element_type=\"section\" data-settings=\"{&quot;stretch_section&quot;:&quot;section-stretched&quot;}\">\n\t\t\t\t\t\t<div class=\"elementor-container elementor-column-gap-default\">\n\t\t\t\t\t<div class=\"elementor-column elementor-col-100 elementor-top-column elementor-element elementor-element-e7db8da\" data-id=\"e7db8da\" data-element_type=\"column\">\n\t\t\t<div class=\"elementor-widget-wrap elementor-element-populated\">\n\t\t\t\t\t\t\t\t<div class=\"elementor-element elementor-element-340b72b elementor-widget elementor-widget-image\" data-id=\"340b72b\" data-element_type=\"widget\" data-widget_type=\"image.default\">\n\t\t\t\t<div class=\"elementor-widget-container\">\n\t\t\t\t\t\t\t\t\t\t\t\t\t\t\t<img loading=\"lazy\" decoding=\"async\" width=\"525\" height=\"175\" src=\"https:\/\/hcw.org.pl\/wp-content\/uploads\/2022\/07\/znaki_strona_www-4-1024x341.png\" class=\"attachment-large size-large wp-image-670\" alt=\"\" srcset=\"https:\/\/hcw.org.pl\/wp-content\/uploads\/2022\/07\/znaki_strona_www-4-1024x341.png 1024w, https:\/\/hcw.org.pl\/wp-content\/uploads\/2022\/07\/znaki_strona_www-4-300x100.png 300w, https:\/\/hcw.org.pl\/wp-content\/uploads\/2022\/07\/znaki_strona_www-4-768x256.png 768w, https:\/\/hcw.org.pl\/wp-content\/uploads\/2022\/07\/znaki_strona_www-4-1536x511.png 1536w, https:\/\/hcw.org.pl\/wp-content\/uploads\/2022\/07\/znaki_strona_www-4.png 1751w\" sizes=\"auto, (max-width: 525px) 100vw, 525px\" \/>\t\t\t\t\t\t\t\t\t\t\t\t\t\t\t<\/div>\n\t\t\t\t<\/div>\n\t\t\t\t\t<\/div>\n\t\t<\/div>\n\t\t\t\t\t\t\t<\/div>\n\t\t<\/section>\n\t\t\t\t<section class=\"elementor-section elementor-top-section elementor-element elementor-element-637755c elementor-section-full_width elementor-section-stretched elementor-section-height-default elementor-section-height-default\" data-id=\"637755c\" data-element_type=\"section\" data-settings=\"{&quot;stretch_section&quot;:&quot;section-stretched&quot;}\">\n\t\t\t\t\t\t<div class=\"elementor-container elementor-column-gap-default\">\n\t\t\t\t\t<div class=\"elementor-column elementor-col-100 elementor-top-column elementor-element elementor-element-30e79e9\" data-id=\"30e79e9\" data-element_type=\"column\">\n\t\t\t<div class=\"elementor-widget-wrap elementor-element-populated\">\n\t\t\t\t\t\t\t\t<div class=\"elementor-element elementor-element-4688fe2 elementor-widget elementor-widget-text-editor\" data-id=\"4688fe2\" data-element_type=\"widget\" data-widget_type=\"text-editor.default\">\n\t\t\t\t<div class=\"elementor-widget-container\">\n\t\t\t\t\t\t\t<p>Projekt jest realizowany w okresie od 01.07.2022 r. do 31.12.2022 r. Realizatorem projektu jest FUNDACJA \u201eHOLISTYCZNE CENTRUM WSPARCIA\u201d z siedzib\u0105 przy ul. Zwi\u0105zkowej 27, 20-148 Lublin. Biuro projektu mie\u015bci si\u0119 przy ul. D\u0142ugiej 5, lok. 15, 20-346 Lublin.<\/p><p>G\u0142\u00f3wnym celem projektu jest wyposa\u017cenie 28 m\u0119\u017cczyzn powy\u017cej 18 roku \u017cycia, z Lublina i najbli\u017cszych okolic w kompetencje, kt\u00f3re poprawi\u0105 jako\u015b\u0107 ich ojcostwa oraz jako\u015b\u0107 relacji z dzie\u0107mi. W\u015br\u00f3d cel\u00f3w szczeg\u00f3\u0142owych znajduje si\u0119, m.in. utworzenie przestrzeni do swobodnej wymiany do\u015bwiadcze\u0144 dla ojc\u00f3w (zar\u00f3wno tych pozytywnych, jak i tych zwi\u0105zanych z trudno\u015bciami), stworzenie warunk\u00f3w dla warto\u015bciowego sp\u0119dzania czasu ojc\u00f3w i dzieci, wsparcie ojc\u00f3w w zakresie identyfikacji mocnych i s\u0142abych stron oraz realizacji osobistych cel\u00f3w rozwojowych zwi\u0105zanych z ojcostwem, promocj\u0119 \u015bwiadomego i odpowiedzialnego ojcostwa w spo\u0142ecze\u0144stwie. Cel g\u0142\u00f3wny oraz cele szczeg\u00f3\u0142owe zostan\u0105 osi\u0105gni\u0119te do 31.12.2022 r., poprzez realizacj\u0119 takich dzia\u0142a\u0144, jak: organizacja dw\u00f3ch edycji innowacyjnego wydarzenia dla ojc\u00f3w z dzie\u0107mi, coaching rodzicielski, utworzenie i prowadzenie KLUBU OJCA, a tak\u017ce, we wsp\u00f3\u0142pracy z uczestnikami projektu, produkcj\u0119 kart motywacyjnych, dystrybuowanych nast\u0119pnie na lubelskich oddzia\u0142ach po\u0142o\u017cniczych jako forma upominku i wsparcia dla \u015bwie\u017co upieczonych ojc\u00f3w. W\u015br\u00f3d efekt\u00f3w realizacji zadania nale\u017cy wymieni\u0107 przede wszystkim popraw\u0119 relacji uczestnik\u00f3w projektu z dzie\u0107mi, wi\u0119ksz\u0105 \u015bwiadomo\u015b\u0107 w\u0142asnych mo\u017cliwo\u015bci, kompetencji, ale i obszar\u00f3w do rozwoju jako ojca, a tak\u017ce promocj\u0119 \u015bwiadomego ojcostwa w szeroko rozumianym spo\u0142ecze\u0144stwie.<\/p>\t\t\t\t\t\t<\/div>\n\t\t\t\t<\/div>\n\t\t\t\t\t<\/div>\n\t\t<\/div>\n\t\t\t\t\t\t\t<\/div>\n\t\t<\/section>\n\t\t\t\t\t\t\t<\/div>\n\t\t","protected":false},"excerpt":{"rendered":"<p>Projekt \u201eTatowisko 2022\u201d jest sfinansowany ze \u015brodk\u00f3w Programu Fundusz Inicjatyw Obywatelskich NOWEFIO na lata 2021\u20132030, Program: NOWEFIO \u2013 EDYCJA 2022 \u2013 PRIORYTETY 2-4, Priorytet 2: Organizacje obywatelskie na rzecz dobra wsp\u00f3lnego; Cel szczeg\u00f3\u0142owy NOWEFIO \u2013 Cel 1: Poprawa samoorganizacji spo\u0142ecznej; Sfera dzia\u0142alno\u015bci po\u017cytku publicznego: 1) pomocy spo\u0142ecznej, w tym pomocy rodzinom i osobom w trudnej [&hellip;]<\/p>\n","protected":false},"author":1,"featured_media":0,"parent":121,"menu_order":0,"comment_status":"closed","ping_status":"closed","template":"elementor_theme","meta":{"footnotes":""},"class_list":["post-624","page","type-page","status-publish","hentry"],"_links":{"self":[{"href":"https:\/\/hcw.org.pl\/index.php\/wp-json\/wp\/v2\/pages\/624","targetHints":{"allow":["GET"]}}],"collection":[{"href":"https:\/\/hcw.org.pl\/index.php\/wp-json\/wp\/v2\/pages"}],"about":[{"href":"https:\/\/hcw.org.pl\/index.php\/wp-json\/wp\/v2\/types\/page"}],"author":[{"embeddable":true,"href":"https:\/\/hcw.org.pl\/index.php\/wp-json\/wp\/v2\/users\/1"}],"replies":[{"embeddable":true,"href":"https:\/\/hcw.org.pl\/index.php\/wp-json\/wp\/v2\/comments?post=624"}],"version-history":[{"count":64,"href":"https:\/\/hcw.org.pl\/index.php\/wp-json\/wp\/v2\/pages\/624\/revisions"}],"predecessor-version":[{"id":733,"href":"https:\/\/hcw.org.pl\/index.php\/wp-json\/wp\/v2\/pages\/624\/revisions\/733"}],"up":[{"embeddable":true,"href":"https:\/\/hcw.org.pl\/index.php\/wp-json\/wp\/v2\/pages\/121"}],"wp:attachment":[{"href":"https:\/\/hcw.org.pl\/index.php\/wp-json\/wp\/v2\/media?parent=624"}],"curies":[{"name":"wp","href":"https:\/\/api.w.org\/{rel}","templated":true}]}}