{"id":627,"date":"2022-07-26T16:10:22","date_gmt":"2022-07-26T16:10:22","guid":{"rendered":"https:\/\/hcw.org.pl\/?page_id=627"},"modified":"2022-07-26T20:34:27","modified_gmt":"2022-07-26T20:34:27","slug":"uczestnicy","status":"publish","type":"page","link":"https:\/\/hcw.org.pl\/index.php\/dzialania\/tatowisko-2022\/uczestnicy\/","title":{"rendered":"UCZESTNICY"},"content":{"rendered":"\t\t<div data-elementor-type=\"wp-page\" data-elementor-id=\"627\" class=\"elementor elementor-627\">\n\t\t\t\t\t\t\t\t\t<section class=\"elementor-section elementor-top-section elementor-element elementor-element-b9ea1b1 elementor-section-boxed elementor-section-height-default elementor-section-height-default\" data-id=\"b9ea1b1\" data-element_type=\"section\">\n\t\t\t\t\t\t<div class=\"elementor-container elementor-column-gap-default\">\n\t\t\t\t\t<div class=\"elementor-column elementor-col-100 elementor-top-column elementor-element elementor-element-e5c58fa\" data-id=\"e5c58fa\" data-element_type=\"column\">\n\t\t\t<div class=\"elementor-widget-wrap elementor-element-populated\">\n\t\t\t\t\t\t\t\t<div class=\"elementor-element elementor-element-d0c8a91 elementor-widget elementor-widget-text-editor\" data-id=\"d0c8a91\" data-element_type=\"widget\" data-widget_type=\"text-editor.default\">\n\t\t\t\t<div class=\"elementor-widget-container\">\n\t\t\t<style>\/*! elementor - v3.14.0 - 26-06-2023 *\/\n.elementor-widget-text-editor.elementor-drop-cap-view-stacked .elementor-drop-cap{background-color:#69727d;color:#fff}.elementor-widget-text-editor.elementor-drop-cap-view-framed .elementor-drop-cap{color:#69727d;border:3px solid;background-color:transparent}.elementor-widget-text-editor:not(.elementor-drop-cap-view-default) .elementor-drop-cap{margin-top:8px}.elementor-widget-text-editor:not(.elementor-drop-cap-view-default) .elementor-drop-cap-letter{width:1em;height:1em}.elementor-widget-text-editor .elementor-drop-cap{float:left;text-align:center;line-height:1;font-size:50px}.elementor-widget-text-editor .elementor-drop-cap-letter{display:inline-block}<\/style>\t\t\t\t<p>Bezpo\u015bredni\u0105 grup\u0105 docelow\u0105 w projekcie jest 28 ojc\u00f3w w wieku powy\u017cej 18 roku \u017cycia, zamieszkuj\u0105cych w Lublinie lub s\u0105siednich gminach.<\/p><p>Odbiorcami po\u015brednimi b\u0119d\u0105 dzieci (w wieku 3-18 lat) m\u0119\u017cczyzn obj\u0119tych dzia\u0142aniami projektu. Szacujemy, \u017ce w projekcie we\u017amie udzia\u0142 40 dzieci.<\/p>\t\t\t\t\t\t<\/div>\n\t\t\t\t<\/div>\n\t\t\t\t\t<\/div>\n\t\t<\/div>\n\t\t\t\t\t\t\t<\/div>\n\t\t<\/section>\n\t\t\t\t<section class=\"elementor-section elementor-top-section elementor-element elementor-element-83c5475 elementor-section-boxed elementor-section-height-default elementor-section-height-default\" data-id=\"83c5475\" data-element_type=\"section\">\n\t\t\t\t\t\t<div class=\"elementor-container elementor-column-gap-default\">\n\t\t\t\t\t<div class=\"elementor-column elementor-col-100 elementor-top-column elementor-element elementor-element-d8ece85\" data-id=\"d8ece85\" data-element_type=\"column\">\n\t\t\t<div class=\"elementor-widget-wrap elementor-element-populated\">\n\t\t\t\t\t\t\t\t<div class=\"elementor-element elementor-element-cc025e6 elementor-widget elementor-widget-image\" data-id=\"cc025e6\" data-element_type=\"widget\" data-widget_type=\"image.default\">\n\t\t\t\t<div class=\"elementor-widget-container\">\n\t\t\t<style>\/*! elementor - v3.14.0 - 26-06-2023 *\/\n.elementor-widget-image{text-align:center}.elementor-widget-image a{display:inline-block}.elementor-widget-image a img[src$=\".svg\"]{width:48px}.elementor-widget-image img{vertical-align:middle;display:inline-block}<\/style>\t\t\t\t\t\t\t\t\t\t\t\t<img loading=\"lazy\" decoding=\"async\" width=\"1600\" height=\"400\" src=\"https:\/\/hcw.org.pl\/wp-content\/uploads\/2022\/07\/cropped-slider-1920.jpg\" class=\"attachment-full size-full wp-image-35\" alt=\"\" srcset=\"https:\/\/hcw.org.pl\/wp-content\/uploads\/2022\/07\/cropped-slider-1920.jpg 1600w, https:\/\/hcw.org.pl\/wp-content\/uploads\/2022\/07\/cropped-slider-1920-300x75.jpg 300w, https:\/\/hcw.org.pl\/wp-content\/uploads\/2022\/07\/cropped-slider-1920-1024x256.jpg 1024w, https:\/\/hcw.org.pl\/wp-content\/uploads\/2022\/07\/cropped-slider-1920-768x192.jpg 768w, https:\/\/hcw.org.pl\/wp-content\/uploads\/2022\/07\/cropped-slider-1920-1536x384.jpg 1536w\" sizes=\"auto, (max-width: 1600px) 100vw, 1600px\" \/>\t\t\t\t\t\t\t\t\t\t\t\t\t\t\t<\/div>\n\t\t\t\t<\/div>\n\t\t\t\t\t<\/div>\n\t\t<\/div>\n\t\t\t\t\t\t\t<\/div>\n\t\t<\/section>\n\t\t\t\t<section class=\"elementor-section elementor-top-section elementor-element elementor-element-253c8c9 elementor-section-boxed elementor-section-height-default elementor-section-height-default\" data-id=\"253c8c9\" data-element_type=\"section\">\n\t\t\t\t\t\t<div class=\"elementor-container elementor-column-gap-default\">\n\t\t\t\t\t<div class=\"elementor-column elementor-col-100 elementor-top-column elementor-element elementor-element-1f478e0\" data-id=\"1f478e0\" data-element_type=\"column\">\n\t\t\t<div class=\"elementor-widget-wrap elementor-element-populated\">\n\t\t\t\t\t\t\t\t<div class=\"elementor-element elementor-element-5e4b436 elementor-widget elementor-widget-spacer\" data-id=\"5e4b436\" data-element_type=\"widget\" data-widget_type=\"spacer.default\">\n\t\t\t\t<div class=\"elementor-widget-container\">\n\t\t\t<style>\/*! elementor - v3.14.0 - 26-06-2023 *\/\n.elementor-column .elementor-spacer-inner{height:var(--spacer-size)}.e-con{--container-widget-width:100%}.e-con-inner>.elementor-widget-spacer,.e-con>.elementor-widget-spacer{width:var(--container-widget-width,var(--spacer-size));--align-self:var(--container-widget-align-self,initial);--flex-shrink:0}.e-con-inner>.elementor-widget-spacer>.elementor-widget-container,.e-con-inner>.elementor-widget-spacer>.elementor-widget-container>.elementor-spacer,.e-con>.elementor-widget-spacer>.elementor-widget-container,.e-con>.elementor-widget-spacer>.elementor-widget-container>.elementor-spacer{height:100%}.e-con-inner>.elementor-widget-spacer>.elementor-widget-container>.elementor-spacer>.elementor-spacer-inner,.e-con>.elementor-widget-spacer>.elementor-widget-container>.elementor-spacer>.elementor-spacer-inner{height:var(--container-widget-height,var(--spacer-size))}<\/style>\t\t<div class=\"elementor-spacer\">\n\t\t\t<div class=\"elementor-spacer-inner\"><\/div>\n\t\t<\/div>\n\t\t\t\t<\/div>\n\t\t\t\t<\/div>\n\t\t\t\t\t<\/div>\n\t\t<\/div>\n\t\t\t\t\t\t\t<\/div>\n\t\t<\/section>\n\t\t\t\t<section class=\"elementor-section elementor-top-section elementor-element elementor-element-a7b48c5 elementor-section-boxed elementor-section-height-default elementor-section-height-default\" data-id=\"a7b48c5\" data-element_type=\"section\">\n\t\t\t\t\t\t<div class=\"elementor-container elementor-column-gap-default\">\n\t\t\t\t\t<div class=\"elementor-column elementor-col-100 elementor-top-column elementor-element elementor-element-5b2bf14\" data-id=\"5b2bf14\" data-element_type=\"column\">\n\t\t\t<div class=\"elementor-widget-wrap elementor-element-populated\">\n\t\t\t\t\t\t\t\t<div class=\"elementor-element elementor-element-778a4d1 elementor-widget elementor-widget-text-editor\" data-id=\"778a4d1\" data-element_type=\"widget\" data-widget_type=\"text-editor.default\">\n\t\t\t\t<div class=\"elementor-widget-container\">\n\t\t\t\t\t\t\tDrug\u0105 grup\u0105 odbiorc\u00f3w po\u015brednich b\u0119d\u0105 \u015bwie\u017co upieczeni ojcowie z Lublina, dla kt\u00f3rych przewidujemy upominki w postaci kart motywacyjnych opracowanych wsp\u00f3lnie z uczestnikami projektu. Karty stanowi\u0107 b\u0119d\u0105 dla nich form\u0119 wzmocnienia, symbolicznego gestu maj\u0105cego na celu pozytywne wsparcie w momencie narodzin dziecka. Liczb\u0119 tych odbiorc\u00f3w szacujemy na 200 os\u00f3b.\t\t\t\t\t\t<\/div>\n\t\t\t\t<\/div>\n\t\t\t\t\t<\/div>\n\t\t<\/div>\n\t\t\t\t\t\t\t<\/div>\n\t\t<\/section>\n\t\t\t\t<section class=\"elementor-section elementor-top-section elementor-element elementor-element-94d59a0 elementor-section-boxed elementor-section-height-default elementor-section-height-default\" data-id=\"94d59a0\" data-element_type=\"section\">\n\t\t\t\t\t\t<div class=\"elementor-container elementor-column-gap-default\">\n\t\t\t\t\t<div class=\"elementor-column elementor-col-100 elementor-top-column elementor-element elementor-element-4132063\" data-id=\"4132063\" data-element_type=\"column\">\n\t\t\t<div class=\"elementor-widget-wrap\">\n\t\t\t\t\t\t\t\t\t<\/div>\n\t\t<\/div>\n\t\t\t\t\t\t\t<\/div>\n\t\t<\/section>\n\t\t\t\t\t\t\t<\/div>\n\t\t","protected":false},"excerpt":{"rendered":"<p>Bezpo\u015bredni\u0105 grup\u0105 docelow\u0105 w projekcie jest 28 ojc\u00f3w w wieku powy\u017cej 18 roku \u017cycia, zamieszkuj\u0105cych w Lublinie lub s\u0105siednich gminach. Odbiorcami po\u015brednimi b\u0119d\u0105 dzieci (w wieku 3-18 lat) m\u0119\u017cczyzn obj\u0119tych dzia\u0142aniami projektu. Szacujemy, \u017ce w projekcie we\u017amie udzia\u0142 40 dzieci. Drug\u0105 grup\u0105 odbiorc\u00f3w po\u015brednich b\u0119d\u0105 \u015bwie\u017co upieczeni ojcowie z Lublina, dla kt\u00f3rych przewidujemy upominki w [&hellip;]<\/p>\n","protected":false},"author":1,"featured_media":0,"parent":624,"menu_order":0,"comment_status":"closed","ping_status":"closed","template":"","meta":{"footnotes":""},"class_list":["post-627","page","type-page","status-publish","hentry"],"_links":{"self":[{"href":"https:\/\/hcw.org.pl\/index.php\/wp-json\/wp\/v2\/pages\/627","targetHints":{"allow":["GET"]}}],"collection":[{"href":"https:\/\/hcw.org.pl\/index.php\/wp-json\/wp\/v2\/pages"}],"about":[{"href":"https:\/\/hcw.org.pl\/index.php\/wp-json\/wp\/v2\/types\/page"}],"author":[{"embeddable":true,"href":"https:\/\/hcw.org.pl\/index.php\/wp-json\/wp\/v2\/users\/1"}],"replies":[{"embeddable":true,"href":"https:\/\/hcw.org.pl\/index.php\/wp-json\/wp\/v2\/comments?post=627"}],"version-history":[{"count":28,"href":"https:\/\/hcw.org.pl\/index.php\/wp-json\/wp\/v2\/pages\/627\/revisions"}],"predecessor-version":[{"id":889,"href":"https:\/\/hcw.org.pl\/index.php\/wp-json\/wp\/v2\/pages\/627\/revisions\/889"}],"up":[{"embeddable":true,"href":"https:\/\/hcw.org.pl\/index.php\/wp-json\/wp\/v2\/pages\/624"}],"wp:attachment":[{"href":"https:\/\/hcw.org.pl\/index.php\/wp-json\/wp\/v2\/media?parent=627"}],"curies":[{"name":"wp","href":"https:\/\/api.w.org\/{rel}","templated":true}]}}