{"id":631,"date":"2022-07-26T16:11:08","date_gmt":"2022-07-26T16:11:08","guid":{"rendered":"https:\/\/hcw.org.pl\/?page_id=631"},"modified":"2022-07-26T20:24:44","modified_gmt":"2022-07-26T20:24:44","slug":"rekrutacja","status":"publish","type":"page","link":"https:\/\/hcw.org.pl\/index.php\/dzialania\/tatowisko-2022\/rekrutacja\/","title":{"rendered":"REKRUTACJA"},"content":{"rendered":"\n<p>Aby wzi\u0105\u0107 udzia\u0142 w projekcie, nale\u017cy wype\u0142ni\u0107 formularz zg\u0142oszeniowy wraz z wymaganymi za\u0142\u0105cznikami:<\/p>\n\n\n\n<div data-wp-interactive=\"core\/file\" class=\"wp-block-file\"><object data-wp-bind--hidden=\"!state.hasPdfPreview\" hidden class=\"wp-block-file__embed\" data=\"https:\/\/hcw.org.pl\/wp-content\/uploads\/2022\/07\/0-REG_Tatowisko.pdf\" type=\"application\/pdf\" style=\"width:100%;height:200px\" aria-label=\"Osadzone z Osadzone z Regulamin projektu..\"><\/object><a id=\"wp-block-file--media-f90eee60-9b0d-4e8b-a696-02a242b19a3e\" href=\"https:\/\/hcw.org.pl\/wp-content\/uploads\/2022\/07\/0-REG_Tatowisko.pdf\" target=\"_blank\" rel=\"noreferrer noopener\">Regulamin projektu<\/a><a href=\"https:\/\/hcw.org.pl\/wp-content\/uploads\/2022\/07\/0-REG_Tatowisko.pdf\" class=\"wp-block-file__button\" download aria-describedby=\"wp-block-file--media-f90eee60-9b0d-4e8b-a696-02a242b19a3e\">Pobierz<\/a><\/div>\n\n\n\n<div style=\"height:30px\" aria-hidden=\"true\" class=\"wp-block-spacer\"><\/div>\n\n\n\n<div data-wp-interactive=\"core\/file\" class=\"wp-block-file\"><object data-wp-bind--hidden=\"!state.hasPdfPreview\" hidden class=\"wp-block-file__embed\" data=\"https:\/\/hcw.org.pl\/wp-content\/uploads\/2022\/07\/1-FORM_zgloszeniowy_Tatowisko.pdf\" type=\"application\/pdf\" style=\"width:100%;height:200px\" aria-label=\"Osadzone z Osadzone z Formularz zg\u0142oszeniowy..\"><\/object><a id=\"wp-block-file--media-2724f5ed-5091-48b1-8b5d-70f7bed457b1\" href=\"https:\/\/hcw.org.pl\/wp-content\/uploads\/2022\/07\/1-FORM_zgloszeniowy_Tatowisko.pdf\" target=\"_blank\" rel=\"noreferrer noopener\">Formularz zg\u0142oszeniowy<\/a><a href=\"https:\/\/hcw.org.pl\/wp-content\/uploads\/2022\/07\/1-FORM_zgloszeniowy_Tatowisko.pdf\" class=\"wp-block-file__button\" download aria-describedby=\"wp-block-file--media-2724f5ed-5091-48b1-8b5d-70f7bed457b1\">Pobierz<\/a><\/div>\n\n\n\n<div style=\"height:30px\" aria-hidden=\"true\" class=\"wp-block-spacer\"><\/div>\n\n\n\n<div data-wp-interactive=\"core\/file\" class=\"wp-block-file\"><object data-wp-bind--hidden=\"!state.hasPdfPreview\" hidden class=\"wp-block-file__embed\" data=\"https:\/\/hcw.org.pl\/wp-content\/uploads\/2022\/07\/2-KLA_DOROSLY_Tatowisko.pdf\" type=\"application\/pdf\" style=\"width:100%;height:200px\" aria-label=\"Osadzone z Osadzone z Zgoda na przetwarzanie danych osobowych..\"><\/object><a id=\"wp-block-file--media-1cf7f5b2-ab56-43a9-84b6-f340d527efe3\" href=\"https:\/\/hcw.org.pl\/wp-content\/uploads\/2022\/07\/2-KLA_DOROSLY_Tatowisko.pdf\" target=\"_blank\" rel=\"noreferrer noopener\">Zgoda na przetwarzanie danych osobowych<\/a><a href=\"https:\/\/hcw.org.pl\/wp-content\/uploads\/2022\/07\/2-KLA_DOROSLY_Tatowisko.pdf\" class=\"wp-block-file__button\" download aria-describedby=\"wp-block-file--media-1cf7f5b2-ab56-43a9-84b6-f340d527efe3\">Pobierz<\/a><\/div>\n\n\n\n<div style=\"height:30px\" aria-hidden=\"true\" class=\"wp-block-spacer\"><\/div>\n\n\n\n<div data-wp-interactive=\"core\/file\" class=\"wp-block-file\"><object data-wp-bind--hidden=\"!state.hasPdfPreview\" hidden class=\"wp-block-file__embed\" data=\"https:\/\/hcw.org.pl\/wp-content\/uploads\/2022\/07\/2-KLA_2_DZIECKO_Tatowisko.pdf\" type=\"application\/pdf\" style=\"width:100%;height:200px\" aria-label=\"Osadzone z Osadzone z Zgoda na przetwarzanie danych osobowych dziecka..\"><\/object><a id=\"wp-block-file--media-6eef0e0e-0ddd-4290-8410-204c5723abd1\" href=\"https:\/\/hcw.org.pl\/wp-content\/uploads\/2022\/07\/2-KLA_2_DZIECKO_Tatowisko.pdf\" target=\"_blank\" rel=\"noreferrer noopener\">Zgoda na przetwarzanie danych osobowych dziecka<\/a><a href=\"https:\/\/hcw.org.pl\/wp-content\/uploads\/2022\/07\/2-KLA_2_DZIECKO_Tatowisko.pdf\" class=\"wp-block-file__button\" download aria-describedby=\"wp-block-file--media-6eef0e0e-0ddd-4290-8410-204c5723abd1\">Pobierz<\/a><\/div>\n\n\n\n<div style=\"height:30px\" aria-hidden=\"true\" class=\"wp-block-spacer\"><\/div>\n\n\n\n<div data-wp-interactive=\"core\/file\" class=\"wp-block-file\"><object data-wp-bind--hidden=\"!state.hasPdfPreview\" hidden class=\"wp-block-file__embed\" data=\"https:\/\/hcw.org.pl\/wp-content\/uploads\/2022\/07\/3-ZGODA_Tatowisko.pdf\" type=\"application\/pdf\" style=\"width:100%;height:200px\" aria-label=\"Osadzone z Osadzone z Zgoda rodzica \/ opiekuna prawnego na udzia\u0142 dziecka w projekcie..\"><\/object><a id=\"wp-block-file--media-c90984b6-a208-4e8b-baa0-4e9962c62040\" href=\"https:\/\/hcw.org.pl\/wp-content\/uploads\/2022\/07\/3-ZGODA_Tatowisko.pdf\" target=\"_blank\" rel=\"noreferrer noopener\">Zgoda rodzica \/ opiekuna prawnego na udzia\u0142 dziecka w projekcie<\/a><a href=\"https:\/\/hcw.org.pl\/wp-content\/uploads\/2022\/07\/3-ZGODA_Tatowisko.pdf\" class=\"wp-block-file__button\" download aria-describedby=\"wp-block-file--media-c90984b6-a208-4e8b-baa0-4e9962c62040\">Pobierz<\/a><\/div>\n","protected":false},"excerpt":{"rendered":"<p>Aby wzi\u0105\u0107 udzia\u0142 w projekcie, nale\u017cy wype\u0142ni\u0107 formularz zg\u0142oszeniowy wraz z wymaganymi za\u0142\u0105cznikami:<\/p>\n","protected":false},"author":1,"featured_media":0,"parent":624,"menu_order":0,"comment_status":"closed","ping_status":"closed","template":"","meta":{"footnotes":""},"class_list":["post-631","page","type-page","status-publish","hentry"],"_links":{"self":[{"href":"https:\/\/hcw.org.pl\/index.php\/wp-json\/wp\/v2\/pages\/631","targetHints":{"allow":["GET"]}}],"collection":[{"href":"https:\/\/hcw.org.pl\/index.php\/wp-json\/wp\/v2\/pages"}],"about":[{"href":"https:\/\/hcw.org.pl\/index.php\/wp-json\/wp\/v2\/types\/page"}],"author":[{"embeddable":true,"href":"https:\/\/hcw.org.pl\/index.php\/wp-json\/wp\/v2\/users\/1"}],"replies":[{"embeddable":true,"href":"https:\/\/hcw.org.pl\/index.php\/wp-json\/wp\/v2\/comments?post=631"}],"version-history":[{"count":4,"href":"https:\/\/hcw.org.pl\/index.php\/wp-json\/wp\/v2\/pages\/631\/revisions"}],"predecessor-version":[{"id":859,"href":"https:\/\/hcw.org.pl\/index.php\/wp-json\/wp\/v2\/pages\/631\/revisions\/859"}],"up":[{"embeddable":true,"href":"https:\/\/hcw.org.pl\/index.php\/wp-json\/wp\/v2\/pages\/624"}],"wp:attachment":[{"href":"https:\/\/hcw.org.pl\/index.php\/wp-json\/wp\/v2\/media?parent=631"}],"curies":[{"name":"wp","href":"https:\/\/api.w.org\/{rel}","templated":true}]}}